{"id":434,"date":"2024-04-16T18:55:43","date_gmt":"2024-04-16T16:55:43","guid":{"rendered":"https:\/\/www.fisioibt.com\/politica-de-cookies\/"},"modified":"2024-06-05T17:05:22","modified_gmt":"2024-06-05T15:05:22","slug":"politica-de-cookies","status":"publish","type":"page","link":"https:\/\/www.fisioibt.com\/es\/politica-de-cookies\/","title":{"rendered":"Pol\u00edtica de cookies"},"content":{"rendered":"\t\t<div data-elementor-type=\"wp-page\" data-elementor-id=\"434\" class=\"elementor elementor-434 elementor-69\" data-elementor-post-type=\"page\">\n\t\t\t\t<div class=\"elementor-element elementor-element-6f9e00ed e-flex e-con-boxed e-con e-parent\" data-id=\"6f9e00ed\" data-element_type=\"container\" data-settings=\"{&quot;background_background&quot;:&quot;classic&quot;}\">\n\t\t\t\t\t<div class=\"e-con-inner\">\n\t\t<div class=\"elementor-element elementor-element-2c6823aa e-con-full e-flex e-con e-child\" data-id=\"2c6823aa\" data-element_type=\"container\">\n\t\t\t\t<div class=\"elementor-element elementor-element-7491db25 elementor-widget elementor-widget-heading\" data-id=\"7491db25\" data-element_type=\"widget\" data-widget_type=\"heading.default\">\n\t\t\t\t<div class=\"elementor-widget-container\">\n\t\t\t\t\t<h1 class=\"elementor-heading-title elementor-size-default\">Pol\u00edtica de cookies<\/h1>\t\t\t\t<\/div>\n\t\t\t\t<\/div>\n\t\t\t\t<\/div>\n\t\t\t\t\t<\/div>\n\t\t\t\t<\/div>\n\t\t<div class=\"elementor-element elementor-element-79bca736 e-flex e-con-boxed e-con e-parent\" data-id=\"79bca736\" data-element_type=\"container\">\n\t\t\t\t\t<div class=\"e-con-inner\">\n\t\t<div class=\"elementor-element elementor-element-6912ca7d e-con-full e-flex e-con e-child\" data-id=\"6912ca7d\" data-element_type=\"container\">\n\t\t\t\t<div class=\"elementor-element elementor-element-2cc8a9f1 elementor-widget elementor-widget-text-editor\" data-id=\"2cc8a9f1\" data-element_type=\"widget\" data-widget_type=\"text-editor.default\">\n\t\t\t\t<div class=\"elementor-widget-container\">\n\t\t\t\t\t\t\t\t\t<h3>INTRODUCCI\u00d3N<\/h3>\nLa web de <b>IVAN BATET TORRENS<\/b> utiliza cookies propias y de terceros. Una cookie es un archivo que se descarga en su ordenador al acceder a determinadas p\u00e1ginas web. Las cookies permiten a una p\u00e1gina web, entre otras finalidades, asegurar el correcto funcionamiento de la p\u00e1gina, permitir al Usuario un acceso m\u00e1s r\u00e1pido a los servicios seleccionados, almacenar y recuperar informaci\u00f3n sobre los h\u00e1bitos de navegaci\u00f3n de un usuario o de su equipo e incluso, dependiendo de la informaci\u00f3n que contengan y de la forma en que utilice su equipo, se pueden utilizar para reconocer al usuario. Las cookies se asocian \u00fanicamente a un usuario an\u00f3nimo y su ordenador o dispositivo y no proporcionan referencias que permitan conocer sus datos personales., salvo permiso expreso de aqu\u00e9l.\n\nEl usuario puede, en todo momento, aceptar o rechazar las cookies instaladas que no sean estrictamente necesarias para el correcto funcionamiento de la web y el acceso al Usuario a sus servicios, a trav\u00e9s del panel de ajuste de cookies proporcionado en nuestra web. Asimismo, podr\u00e1 configurar su navegador en todo momento sin que ello perjudique la posibilidad del Usuario de acceder a los contenidos. Sin embargo, le informamos de que el rechazo de las cookies puede disminuir el buen funcionamiento de la web.\n<h3>COOKIES AFECTADAS POR LA NORMATIVA Y COOKIES EXENTAS<\/h3>\nSeg\u00fan la directiva de la UE, las cookies que requieren el consentimiento informado por parte del usuario son las cookies de anal\u00edtica,\u00a0 las de publicidad y afiliaci\u00f3n, quedando exceptuadas las de car\u00e1cter t\u00e9cnico y las necesarias para el funcionamiento del sitio web o la prestaci\u00f3n de servicios expresamente demandados por el usuario.\n<h3>TIPO DE COOKIES<\/h3>\na) Seg\u00fan la <b>entidad que las gestione<\/b>, hay Cookies <b>propias<\/b> (aquellas que se env\u00edan al equipo terminal del usuario desde un equipo o dominio gestionado por el propio editor y desde el que se presta el servicio Sol \u00b7 licitado por el usuario) y de <b>terceros<\/b> (las que se env\u00edan al equipo terminal del usuario desde un equipo o dominio que no es gestionado por el editor, sino por otra entidad que trata los datos obtenidos mediante las cookies).\n\nb) Seg\u00fan el <b>tiempo que permanecen activas<\/b>, est\u00e1n las de <b>sesi\u00f3n<\/b> (dise\u00f1adas para pedir y almacenar datos mientras el usuario accede a una p\u00e1gina web) y las <b>persistentes<\/b> (en que los datos se almacenan en el terminal y pueden ser accedidos y tratados durante un per\u00edodo definido por el responsable de la cookie -puede ir de unos minutos a varios a\u00f1os).\n\nc) Seg\u00fan la <b>finalidad<\/b> para la que tratan la informaci\u00f3n que recopilan, pueden ser:\n<ul>\n \t<li><b>Cookies t\u00e9cnicas<\/b> (necesarias para el uso de la web y la prestaci\u00f3n del servicio contratado),<\/li>\n \t<li><b>Cookies de personalizaci\u00f3n<\/b> (que permiten al usuario acceder al servicio con caracter\u00edsticas predefinidas, tales como el idioma, tipo de navegador, configuraci\u00f3n regional, etc.)<\/li>\n \t<li><b>Cookies de an\u00e1lisis<\/b> (recogen informaci\u00f3n del uso que se realiza de la web),<\/li>\n \t<li><b>Cookies publicitarias<\/b> (recogen informaci\u00f3n sobre las preferencias y elecciones personales de los usuarios),<\/li>\n \t<li><b>Cookies de afiliados<\/b> (permiten hacer un seguimiento de las visitas procedentes de otras webs, con las que el sitio web establece un contrato de afiliaci\u00f3n).<\/li>\n<\/ul>\n<b>TIPO DE COOKIES UTILITZADAS PARA ESTE SITIO WEB<\/b>\n<table width=\"872\">\n<tbody>\n<tr>\n<td width=\"126\"><strong>Nombre<\/strong><\/td>\n<td width=\"101\"><strong>Finalidad <\/strong><\/td>\n<td width=\"96\"><strong>Caducidad<\/strong><\/td>\n<td width=\"116\"><strong>Proveedor<\/strong><\/td>\n<\/tr>\n<tr>\n<td width=\"126\">_ga<\/td>\n<td width=\"101\">Utiliza un identificador an\u00f3nimo para distinguir usuarios an\u00f3nimos. Esta cookie realiza an\u00e1lisis sobre las interacciones de los usuarios, con el fin de optimizar los servicios que ofrecen. Tiene una duraci\u00f3n de dos a\u00f1os.<\/td>\n<td width=\"96\">2 a\u00f1os<\/td>\n<td width=\"116\">Google Analytics<\/td>\n<\/tr>\n<tr>\n<td width=\"126\">_gat_gtag_UA_150070816_1<\/td>\n<td width=\"101\">\n<div class=\"fila-c\">\n<div class=\"celda-c\">Esta cookie de Google Analytics es de an\u00e1lisis y sirve para medir como los usuarios interact\u00faan con nuestra p\u00e1gina web.<\/div>\n<\/div><\/td>\n<td width=\"96\">Sesi\u00f3n<\/td>\n<td width=\"116\">Google Analytics<\/td>\n<\/tr>\n<tr>\n<td width=\"126\">_gid<\/td>\n<td width=\"101\">Se utiliza para distinguir a los usuarios. Tiene una duraci\u00f3n de 24 horas.<\/td>\n<td width=\"96\">24 horas<\/td>\n<td width=\"116\">Google Analytics<\/td>\n<\/tr>\n<tr>\n<td width=\"126\">ct-ultimate-gdpr-cookie<\/td>\n<td width=\"101\">Recuerda si el visitante ha aceptado\/cerrado la barra de cookie info.<\/td>\n<td width=\"96\">24 horas<\/td>\n<td width=\"116\">Ultimate GDPR plugin<\/td>\n<\/tr>\n<tr>\n<td width=\"126\">ct-ultimate-gdpr-cookie-level<\/td>\n<td width=\"101\">Permite conocer la preferencias de cookies del usuario.<\/td>\n<td width=\"96\">24 horas<\/td>\n<td width=\"116\">Ultimate GDPR plugin<\/td>\n<\/tr>\n<tr>\n<td width=\"126\">wp-wpml_current_language<\/td>\n<td width=\"101\">Almacena el idioma actual. Esta cookie est\u00e1 habilitada de forma predeterminada en sitios que utilizan la funci\u00f3n de filtrado de idioma para operaciones AJAX.<\/td>\n<td width=\"96\">Sesi\u00f3n<\/td>\n<td width=\"116\">WPML plugin<\/td>\n<\/tr>\n<\/tbody>\n<\/table>\nMientras navega por nuestra web, pueden almacenarse en su navegador las cookies de nuestras redes sociales. A continuaci\u00f3n, le indicamos los enlaces sobre las cookies de las redes sociales que utilizamos en esta web:\n<ul>\n \t<li aria-level=\"1\">Cookies de Facebook, ver m\u00e1s informaci\u00f3n en su <a href=\"https:\/\/es-es.facebook.com\/policies\/cookies\/\">pol\u00edtica de cookies<\/a><\/li>\n \t<li aria-level=\"1\">Cookies de Twitter, ver m\u00e1s informaci\u00f3n en su <a href=\"https:\/\/help.twitter.com\/es\/rules-and-policies\/twitter-cookies\">pol\u00edtica de cookies<\/a><\/li>\n \t<li aria-level=\"1\">Cookies de Instagram, ver m\u00e1s informaci\u00f3n en su <a href=\"https:\/\/help.instagram.com\/1896641480634370?ref=ig\">pol\u00edtica de cookies<\/a><\/li>\n \t<li aria-level=\"1\">Cookies de Linkedin, ver m\u00e1s informaci\u00f3n en su <a href=\"https:\/\/www.linkedin.com\/legal\/cookie-policy?_l=es_ES\">pol\u00edtica de cookies<\/a><\/li>\n \t<li aria-level=\"1\">Cookies de Pinterest, ver m\u00e1s informaci\u00f3n en su <a href=\"https:\/\/policy.pinterest.com\/es\/cookies\">pol\u00edtica de cookies<\/a><\/li>\n \t<li aria-level=\"1\">Cookies de Youtube, ver m\u00e1s informaci\u00f3n en su <a href=\"https:\/\/policies.google.com\/technologies\/cookies?hl=es\">pol\u00edtica de cookies<\/a><\/li>\n<\/ul>\n<h3>REVOCACI\u00d3N<\/h3>\nEn todo momento podr\u00e1 acceder a la configuraci\u00f3n de su navegador aceptando o rechazando todas las cookies, o bien seleccionar aquellas que la instalaci\u00f3n admite y las que no, siguiendo uno de los siguientes procedimientos, que depende del navegador que utilice:\n<ul>\n \t<li><b>Google Chrome<\/b> (en el Men\u00fa Herramientas): Configuraci\u00f3n&gt; Mostrar opciones avanzadas&gt; Privacidad (Configuraci\u00f3n de contenido)&gt; Cookies: https:\/\/support.google.com\/chrome\/answer\/95647?co=GENIE.Platform%3DDesktop&amp;hl=es<\/li>\n \t<li><b>Microsoft Internet Explorer<\/b> (en el Men\u00fa Herramientas): Opciones de Internet&gt; Privacidad&gt; Avanzada: https:\/\/support.microsoft.com\/es-es\/help\/17442\/windows-internet-explorer-delete-manage-cookies<\/li>\n \t<li><b>Firefox: <\/b>Opciones&gt; Privacidad&gt; Cookies: https:\/\/support.mozilla.org\/es\/kb\/habilitar-y-deshabilitar-cookies-sitios-web-rastrear-preferencias<\/li>\n \t<li><b>Safari, iPad y iPhone: <\/b>Preferencias&gt; Privacidad: https:\/\/support.apple.com\/kb\/ph21411?locale=es_ES<\/li>\n \t<li><b>Opera: <\/b>Configuraci\u00f3n&gt; Opciones&gt; Avanzada&gt; Cookies: http:\/\/help.opera.com\/Windows\/12.00\/es-ES\/cookies.html<\/li>\n<\/ul>\nEstos navegadores est\u00e1n sometidos a cambios o modificaciones, por lo que no podemos garantizar que se ajusten completamente a la versi\u00f3n de su navegador. Tambi\u00e9n puede ser que utilice otro navegador no contemplado en estos enlaces como Konqueror, Arora, Flock, etc. Para evitar estos desajustes, puede acceder directamente desde las opciones de su navegador, generalmente en el men\u00fa de \u00abOpciones\u00bb en la secci\u00f3n de \u00abPrivacidad\u00bb. (Por favor, consulte la ayuda de su navegador para m\u00e1s informaci\u00f3n).\n<h3>DESACTIVACI\u00d3N \/ ACTIVACI\u00d3N Y ELIMINACI\u00d3N DE COOKIES<\/h3>\nPara restringir o bloquear las cookies, se hace a trav\u00e9s de la configuraci\u00f3n del navegador.\n\nSi no desea que los sitios web pongan ninguna cookie en su equipo, puede adaptar la configuraci\u00f3n del navegador de modo que se le notifique antes de que se coloque ninguna cookie. Del mismo modo, puede adaptar la configuraci\u00f3n de forma que el navegador rechace todas las cookies, o \u00fanicamente las cookies de terceros. Tambi\u00e9n puede eliminar cualquiera de las cookies que ya se encuentren en el equipo. Recuerde que deber\u00e1 adaptarse por separado la configuraci\u00f3n de cada navegador y equipo que utilice.\n\nRecuerde que si no desea recibir cookies, ya no podremos garantizar que nuestro sitio web funcione como es debido. Quiz\u00e1 algunas funciones del sitio se pierdan y es posible que ya no pueda ver ciertos sitios web. Adem\u00e1s, rechaz\u00f3 las cookies no significa que ya no vaya a ver anuncios publicitarios. Simplemente los anuncios no se ajustar\u00e1n a sus intereses y se repetir\u00e1n con m\u00e1s frecuencia.\n\nCada navegador tiene un m\u00e9todo diferente para adaptar la configuraci\u00f3n. Si es necesario, consulte la funci\u00f3n de ayuda del navegador para establecer la configuraci\u00f3n correcta.\n\nPara desactivar las cookies en el tel\u00e9fono m\u00f3vil, consulte el manual del dispositivo para obtener m\u00e1s informaci\u00f3n.\n\nPuede obtener m\u00e1s informaci\u00f3n sobre las cookies en Internet, <a href=\"http:\/\/www.aboutcookies.org\/\">http:\/\/www.aboutcookies.org\/<\/a>.\n\nTeniendo en cuenta la forma en que funciona Internet y los sitios web, no siempre contamos con informaci\u00f3n de las cookies que colocan terceras partes a trav\u00e9s de nuestro sitio web. Esto se aplica especialmente a casos en que la p\u00e1gina web contiene lo que se denominan elementos integrados: textos, documentos, im\u00e1genes o breves pel\u00edculas que se almacenan en otra parte, pero se muestran en nuestro sitio web o mediante el mismo.\n\nPor tanto, en caso de que se encuentre con este tipo de cookies en este sitio web y no est\u00e9n enumeradas en la lista anterior, le rogamos que nos lo comunique. O bien p\u00f3ngase en contacto directamente con el tercero para pedirle informaci\u00f3n sobre las cookies que coloca, la finalidad y la duraci\u00f3n de la cookie, y como ha garantizado su privacidad.\n<h3>INFORMACI\u00d3N RELACIONADA CON EL TRATAMIENTO DE DATOS PERSONALES (ART.13 RGPD)<\/h3>\n<b>\u00bfQui\u00e9n es el responsable del tratamiento de sus datos personales?<\/b>\n\n<b>IVAN BATET TORRENS<\/b> es el responsable del tratamiento de los datos personales que usted nos proporciona, sito en Ripoll\u00e9s 117, 08397, Pineda de Mar, Barcelona y con CIF 38846111P. Tel\u00e9fono 670 22 08 78\u00a0 y mail de contacto <a href=\"mailto:info@fisioibt.com\">info@fisioibt.com<\/a>.\n\n<b>\u00bfPara qu\u00e9 utilizamos sus datos personales?<\/b>\n\nLa informaci\u00f3n recopilada a trav\u00e9s de las cookies propias (cookies de sesi\u00f3n y de entrada de usuario) se suelen utilizar para rastrear las acciones del usuario al rellenar los formularios en l\u00ednea en varias p\u00e1ginas, o como cesta de la compra para hacer el seguimiento de los art\u00edculos que el usuario ha seleccionado al pulsar un bot\u00f3n, o para personalizar la interface del usuario al visitar la p\u00e1gina web.\n\nLa informaci\u00f3n recopilada a trav\u00e9s de las cookies de terceros es la siguiente:\n<ul>\n \t<li aria-level=\"1\">A trav\u00e9s de las cookies anal\u00edticas se analizan sus h\u00e1bitos de navegaci\u00f3n para mejorar los servicios prestados;<\/li>\n \t<li aria-level=\"1\">A trav\u00e9s de las cookies comportamentales se recoge informaci\u00f3n sobre las preferencias del usuario para gestionar los espacios publicitarios de la forma m\u00e1s eficaz posible; y<\/li>\n \t<li aria-level=\"1\">a trav\u00e9s de las cookies publicitarias se mide el rendimiento de los anuncios y se proporcionan recomendaciones relativas a productos basadas en datos estad\u00edsticos.<\/li>\n<\/ul>\nPara ver exactamente el uso de las cookies v\u00e9ase el cuadro sobre el uso de las cookies en esta web.\n\n<b>\u00bfCu\u00e1l es la base legal para el tratamiento de sus datos personales?<\/b>\n\nLa legitimaci\u00f3n para el tratamiento de sus datos personales viene dada por su consentimiento, otorgado en el momento de ponerse en contacto con nosotros, para la utilizaci\u00f3n de cookies anal\u00edticas, comportamentales y publicitarias; para las cookies de sesi\u00f3n o personalizaci\u00f3n, la legitimaci\u00f3n para el tratamiento viene dada por el inter\u00e9s leg\u00edtimo del prestador (responsable del tratamiento).\n\n<b>\u00bfA qui\u00e9n comunicamos sus datos?<\/b>\n\nNo se ceder\u00e1n ni comunicar\u00e1n datos a terceros, salvo por obligaci\u00f3n legal o a los terceros indicados en el caso de uso de cookies gestionadas por \u00e9stos.\n\n<b>\u00bfCu\u00e1l es el plazo de conservaci\u00f3n de sus datos?<\/b>\n\nEl plazo de conservaci\u00f3n de los datos recogidos es el indicado en el cuadro sobre el uso de las cookies en esta web.\n\n<b>\u00bfCu\u00e1les son sus derechos?<\/b>\n\nLos derechos que amparan al usuario son los de acceso, rectificaci\u00f3n, supresi\u00f3n, portabilidad de los mismos, retirada del consentimiento (sin que ello afecte a la licitud del tratamiento otorgado previamente a su retirada), oposici\u00f3n al tratamiento, limitaci\u00f3n (en determinadas circunstancias) y a presentar una reclamaci\u00f3n ante la autoridad de control (la Agencia Espa\u00f1ola de protecci\u00f3n de datos, <a href=\"http:\/\/www.aepd.es\">www.aepd.es<\/a>).\t\t\t\t\t\t\t\t<\/div>\n\t\t\t\t<\/div>\n\t\t\t\t<\/div>\n\t\t\t\t\t<\/div>\n\t\t\t\t<\/div>\n\t\t\t\t<\/div>\n\t\t","protected":false},"excerpt":{"rendered":"<p>INTRODUCCI\u00d3N La web de IVAN BATET TORRENS utiliza cookies propias y de terceros. Una cookie es un archivo que se descarga en su ordenador al acceder a determinadas p\u00e1ginas web. Las cookies permiten a una p\u00e1gina web, entre otras finalidades, asegurar el correcto funcionamiento de la p\u00e1gina, permitir al Usuario un acceso m\u00e1s r\u00e1pido a [&hellip;]<\/p>\n","protected":false},"author":1,"featured_media":0,"parent":0,"menu_order":0,"comment_status":"closed","ping_status":"closed","template":"","meta":{"_acf_changed":false,"footnotes":""},"class_list":["post-434","page","type-page","status-publish","hentry"],"acf":[],"yoast_head":"<!-- This site is optimized with the Yoast SEO plugin v26.8 - https:\/\/yoast.com\/product\/yoast-seo-wordpress\/ -->\n<title>Pol\u00edtica de cookies - Fisio IBT<\/title>\n<meta name=\"description\" content=\"INTRODUCCI\u00d3N La web de IVAN BATET TORRENS utiliza cookies propias y de terceros. Una cookie es un archivo que se descarga en su ordenador al acceder a\" \/>\n<meta name=\"robots\" content=\"noindex, nofollow\" \/>\n<meta property=\"og:locale\" content=\"es_ES\" \/>\n<meta property=\"og:type\" content=\"article\" \/>\n<meta property=\"og:title\" content=\"Pol\u00edtica de cookies - Fisio IBT\" \/>\n<meta property=\"og:description\" content=\"INTRODUCCI\u00d3N La web de IVAN BATET TORRENS utiliza cookies propias y de terceros. Una cookie es un archivo que se descarga en su ordenador al acceder a\" \/>\n<meta property=\"og:url\" content=\"https:\/\/www.fisioibt.com\/es\/politica-de-cookies\/\" \/>\n<meta property=\"og:site_name\" content=\"Fisio IBT\" \/>\n<meta property=\"article:modified_time\" content=\"2024-06-05T15:05:22+00:00\" \/>\n<meta property=\"og:image\" content=\"https:\/\/www.fisioibt.com\/wp-content\/uploads\/2025\/05\/fisio-IBT.jpg\" \/>\n\t<meta property=\"og:image:width\" content=\"300\" \/>\n\t<meta property=\"og:image:height\" content=\"300\" \/>\n\t<meta property=\"og:image:type\" content=\"image\/jpeg\" \/>\n<meta name=\"twitter:card\" content=\"summary_large_image\" \/>\n<meta name=\"twitter:label1\" content=\"Tiempo de lectura\" \/>\n\t<meta name=\"twitter:data1\" content=\"8 minutos\" \/>\n<script type=\"application\/ld+json\" class=\"yoast-schema-graph\">{\"@context\":\"https:\/\/schema.org\",\"@graph\":[{\"@type\":\"WebPage\",\"@id\":\"https:\/\/www.fisioibt.com\/es\/politica-de-cookies\/\",\"url\":\"https:\/\/www.fisioibt.com\/es\/politica-de-cookies\/\",\"name\":\"Pol\u00edtica de cookies - Fisio IBT\",\"isPartOf\":{\"@id\":\"https:\/\/www.fisioibt.com\/es\/#website\"},\"datePublished\":\"2024-04-16T16:55:43+00:00\",\"dateModified\":\"2024-06-05T15:05:22+00:00\",\"description\":\"INTRODUCCI\u00d3N La web de IVAN BATET TORRENS utiliza cookies propias y de terceros. Una cookie es un archivo que se descarga en su ordenador al acceder a\",\"breadcrumb\":{\"@id\":\"https:\/\/www.fisioibt.com\/es\/politica-de-cookies\/#breadcrumb\"},\"inLanguage\":\"es\",\"potentialAction\":[{\"@type\":\"ReadAction\",\"target\":[\"https:\/\/www.fisioibt.com\/es\/politica-de-cookies\/\"]}]},{\"@type\":\"BreadcrumbList\",\"@id\":\"https:\/\/www.fisioibt.com\/es\/politica-de-cookies\/#breadcrumb\",\"itemListElement\":[{\"@type\":\"ListItem\",\"position\":1,\"name\":\"Inici\",\"item\":\"https:\/\/www.fisioibt.com\/es\/inicio\/\"},{\"@type\":\"ListItem\",\"position\":2,\"name\":\"Pol\u00edtica de cookies\"}]},{\"@type\":\"WebSite\",\"@id\":\"https:\/\/www.fisioibt.com\/es\/#website\",\"url\":\"https:\/\/www.fisioibt.com\/es\/\",\"name\":\"Fisio IBT\",\"description\":\"Centre de fisioter\u00e0pia, rehabilitaci\u00f3 i acupuntura a Pineda de Mar\",\"potentialAction\":[{\"@type\":\"SearchAction\",\"target\":{\"@type\":\"EntryPoint\",\"urlTemplate\":\"https:\/\/www.fisioibt.com\/es\/?s={search_term_string}\"},\"query-input\":{\"@type\":\"PropertyValueSpecification\",\"valueRequired\":true,\"valueName\":\"search_term_string\"}}],\"inLanguage\":\"es\"}]}<\/script>\n<!-- \/ Yoast SEO plugin. -->","yoast_head_json":{"title":"Pol\u00edtica de cookies - Fisio IBT","description":"INTRODUCCI\u00d3N La web de IVAN BATET TORRENS utiliza cookies propias y de terceros. Una cookie es un archivo que se descarga en su ordenador al acceder a","robots":{"index":"noindex","follow":"nofollow"},"og_locale":"es_ES","og_type":"article","og_title":"Pol\u00edtica de cookies - Fisio IBT","og_description":"INTRODUCCI\u00d3N La web de IVAN BATET TORRENS utiliza cookies propias y de terceros. Una cookie es un archivo que se descarga en su ordenador al acceder a","og_url":"https:\/\/www.fisioibt.com\/es\/politica-de-cookies\/","og_site_name":"Fisio IBT","article_modified_time":"2024-06-05T15:05:22+00:00","og_image":[{"width":300,"height":300,"url":"https:\/\/www.fisioibt.com\/wp-content\/uploads\/2025\/05\/fisio-IBT.jpg","type":"image\/jpeg"}],"twitter_card":"summary_large_image","twitter_misc":{"Tiempo de lectura":"8 minutos"},"schema":{"@context":"https:\/\/schema.org","@graph":[{"@type":"WebPage","@id":"https:\/\/www.fisioibt.com\/es\/politica-de-cookies\/","url":"https:\/\/www.fisioibt.com\/es\/politica-de-cookies\/","name":"Pol\u00edtica de cookies - Fisio IBT","isPartOf":{"@id":"https:\/\/www.fisioibt.com\/es\/#website"},"datePublished":"2024-04-16T16:55:43+00:00","dateModified":"2024-06-05T15:05:22+00:00","description":"INTRODUCCI\u00d3N La web de IVAN BATET TORRENS utiliza cookies propias y de terceros. Una cookie es un archivo que se descarga en su ordenador al acceder a","breadcrumb":{"@id":"https:\/\/www.fisioibt.com\/es\/politica-de-cookies\/#breadcrumb"},"inLanguage":"es","potentialAction":[{"@type":"ReadAction","target":["https:\/\/www.fisioibt.com\/es\/politica-de-cookies\/"]}]},{"@type":"BreadcrumbList","@id":"https:\/\/www.fisioibt.com\/es\/politica-de-cookies\/#breadcrumb","itemListElement":[{"@type":"ListItem","position":1,"name":"Inici","item":"https:\/\/www.fisioibt.com\/es\/inicio\/"},{"@type":"ListItem","position":2,"name":"Pol\u00edtica de cookies"}]},{"@type":"WebSite","@id":"https:\/\/www.fisioibt.com\/es\/#website","url":"https:\/\/www.fisioibt.com\/es\/","name":"Fisio IBT","description":"Centre de fisioter\u00e0pia, rehabilitaci\u00f3 i acupuntura a Pineda de Mar","potentialAction":[{"@type":"SearchAction","target":{"@type":"EntryPoint","urlTemplate":"https:\/\/www.fisioibt.com\/es\/?s={search_term_string}"},"query-input":{"@type":"PropertyValueSpecification","valueRequired":true,"valueName":"search_term_string"}}],"inLanguage":"es"}]}},"_links":{"self":[{"href":"https:\/\/www.fisioibt.com\/es\/wp-json\/wp\/v2\/pages\/434","targetHints":{"allow":["GET"]}}],"collection":[{"href":"https:\/\/www.fisioibt.com\/es\/wp-json\/wp\/v2\/pages"}],"about":[{"href":"https:\/\/www.fisioibt.com\/es\/wp-json\/wp\/v2\/types\/page"}],"author":[{"embeddable":true,"href":"https:\/\/www.fisioibt.com\/es\/wp-json\/wp\/v2\/users\/1"}],"replies":[{"embeddable":true,"href":"https:\/\/www.fisioibt.com\/es\/wp-json\/wp\/v2\/comments?post=434"}],"version-history":[{"count":7,"href":"https:\/\/www.fisioibt.com\/es\/wp-json\/wp\/v2\/pages\/434\/revisions"}],"predecessor-version":[{"id":530,"href":"https:\/\/www.fisioibt.com\/es\/wp-json\/wp\/v2\/pages\/434\/revisions\/530"}],"wp:attachment":[{"href":"https:\/\/www.fisioibt.com\/es\/wp-json\/wp\/v2\/media?parent=434"}],"curies":[{"name":"wp","href":"https:\/\/api.w.org\/{rel}","templated":true}]}}