{"id":435,"date":"2024-04-16T18:55:56","date_gmt":"2024-04-16T16:55:56","guid":{"rendered":"https:\/\/www.fisioibt.com\/politica-de-privacitat\/"},"modified":"2024-06-06T06:20:50","modified_gmt":"2024-06-06T04:20:50","slug":"politica-de-privacidad","status":"publish","type":"page","link":"https:\/\/www.fisioibt.com\/es\/politica-de-privacidad\/","title":{"rendered":"Pol\u00edtica de privacidad"},"content":{"rendered":"\t\t<div data-elementor-type=\"wp-page\" data-elementor-id=\"435\" class=\"elementor elementor-435 elementor-107\" data-elementor-post-type=\"page\">\n\t\t\t\t<div class=\"elementor-element elementor-element-420eb2bc e-flex e-con-boxed e-con e-parent\" data-id=\"420eb2bc\" data-element_type=\"container\" data-settings=\"{&quot;background_background&quot;:&quot;classic&quot;}\">\n\t\t\t\t\t<div class=\"e-con-inner\">\n\t\t<div class=\"elementor-element elementor-element-6a2fc6a e-con-full e-flex e-con e-child\" data-id=\"6a2fc6a\" data-element_type=\"container\">\n\t\t\t\t<div class=\"elementor-element elementor-element-614b0808 elementor-widget elementor-widget-heading\" data-id=\"614b0808\" data-element_type=\"widget\" data-widget_type=\"heading.default\">\n\t\t\t\t<div class=\"elementor-widget-container\">\n\t\t\t\t\t<h1 class=\"elementor-heading-title elementor-size-default\">Pol\u00edtica de privacidad<\/h1>\t\t\t\t<\/div>\n\t\t\t\t<\/div>\n\t\t\t\t<\/div>\n\t\t\t\t\t<\/div>\n\t\t\t\t<\/div>\n\t\t<div class=\"elementor-element elementor-element-307732e8 e-flex e-con-boxed e-con e-parent\" data-id=\"307732e8\" data-element_type=\"container\">\n\t\t\t\t\t<div class=\"e-con-inner\">\n\t\t<div class=\"elementor-element elementor-element-7e8cbd64 e-con-full e-flex e-con e-child\" data-id=\"7e8cbd64\" data-element_type=\"container\">\n\t\t\t\t<div class=\"elementor-element elementor-element-6c2c8da4 elementor-widget elementor-widget-text-editor\" data-id=\"6c2c8da4\" data-element_type=\"widget\" data-widget_type=\"text-editor.default\">\n\t\t\t\t<div class=\"elementor-widget-container\">\n\t\t\t\t\t\t\t\t\t<h3>Informaci\u00f3n b\u00e1sica sobre Protecci\u00f3n de Datos<\/h3><p>Responsable:<\/p><ul><li>Ivan Batet Torrens<\/li><li>DNI: 38846111P<\/li><li>C\/ Major, num. 60, bjs, 08397, Pineda de Mar<\/li><\/ul><p>Contacto:<\/p><ul><li>Telf: 667401490<\/li><li>info@fisioibt.com<\/li><\/ul><p>Finalidad:<\/p><p>1) Consultas y solicitudes de informaci\u00f3n de terceros: Dar respuesta a la solicitud planteada.<\/p><p>2) Reserva de cita.<\/p><p>Legitimaci\u00f3n:<\/p><p>1) Consultas y solicitudes de informaci\u00f3n de terceros: Inter\u00e9s leg\u00edtimo de atenci\u00f3n al interesado en respuesta al correo electr\u00f3nico y consentimiento expl\u00edcito en el formulario de contacto.<\/p><p>2) Reserva de cita: Inter\u00e9s leg\u00edtimo de atenci\u00f3n al interesado en respuesta al correo electr\u00f3nico y consentimiento expl\u00edcito en el formulario de contacto.<\/p><p>Conservaci\u00f3n:<\/p><p>La informaci\u00f3n recabada de la persona interesada ser\u00e1 conservada mientras sea necesaria para cumplir con la finalidad para la cual fueron recabados los datos personales, de forma que, una vez cumplida la finalidad los datos ser\u00e1n cancelados. Dicha cancelaci\u00f3n dar\u00e1 lugar al bloqueo de los datos conserv\u00e1ndose \u00fanicamente a disposici\u00f3n de las AAPP, Jueces y Tribunales, para atender las posibles responsabilidades nacidas del tratamiento, durante el plazo de prescripci\u00f3n de \u00e9stas, cumplido el citado plazo se proceder\u00e1 a la destrucci\u00f3n de la informaci\u00f3n. En la segunda capa informativa se detallan los plazos de conservaci\u00f3n de la informaci\u00f3n en relaci\u00f3n con diferentes materias.<\/p><p>Procedencia:<\/p><p>1) Consultas y solicitudes de informaci\u00f3n de terceros: El propio interesado o su representante legal.<\/p><p>2) Reserva de cita: El propio interesado o su representante legal.<\/p><p>Destinatarios:<\/p><p>Estos datos ser\u00e1n tratados por \u201cFisio IBT\u201d. Compartimos sus datos con prestadores de servicios que nos ayudan o dan soporte (encargados del tratamiento), con los que se ha celebrado el preceptivo contrato en los t\u00e9rminos del art\u00edculo 28 del RGPD.<\/p><p>Transferencias internacionales:<\/p><p>No realizamos transferencias internacionales con sus datos.<\/p><p>Derechos:<\/p><p>Acceso, rectificaci\u00f3n, oposici\u00f3n, supresi\u00f3n, limitaci\u00f3n del tratamiento y portabilidad de los datos personales, como se explica en el correspondiente apartado.<\/p><p>Informaci\u00f3 addicional:<\/p><p>Podeu consultar la informaci\u00f3 addicional i detallada sobre Protecci\u00f3 de Dades en el desglossament d&#8217;apartats que us presentem a continuaci\u00f3 (segona capa informativa).<\/p><p>Informaci\u00f3n adicional:<\/p><p>Puede consultar la informaci\u00f3n adicional y detallada sobre Protecci\u00f3n de Datos en el desglose de apartados que le presentamos a continuaci\u00f3n (segunda capa informativa).<\/p><h3>Informaci\u00f3n general<\/h3><p>La presente Pol\u00edtica de Privacidad tiene como finalidad dar a conocer las condiciones que rigen la recogida y tratamiento de sus datos personales por parte de nuestra entidad para velar por los derechos fundamentales, su honor y libertades, todo ello en cumplimiento de las normativas vigentes que regulan la Protecci\u00f3n de Datos personales: el Reglamento 2016\/679, del Parlamento Europeo y del Consejo, del 27 de abril de 2016, relativo a la protecci\u00f3n de las personas f\u00edsicas en lo que respecta al tratamiento de datos personales y a la circulaci\u00f3n de estos datos, (en adelante RGPD); y la Ley Org\u00e1nica 3\/2018, de 5 de diciembre, de Protecci\u00f3n de Datos Personales y garant\u00eda de los derechos digitales (en adelante LOPDGDD).<\/p><p>En conformidad con dichas normativas, necesitamos disponer de su autorizaci\u00f3n y consentimiento para la recogida y el tratamiento de sus datos personales, por lo que a continuaci\u00f3n, le indicamos todos los detalles de su inter\u00e9s respecto a c\u00f3mo realizamos estos procesos, con qu\u00e9 finalidades, que otras entidades podr\u00edan tener acceso a sus datos y cu\u00e1les son sus derechos.<\/p><h3>Responsable. \u00bfQui\u00e9n es el Responsable del tratamiento de sus datos?<\/h3><p>El Responsable del Tratamiento de Datos es aquella persona f\u00edsica o jur\u00eddica, de naturaleza p\u00fablica o privada, u \u00f3rgano administrativo, que solo o conjuntamente con otros determine los fines y medios del tratamiento de datos personales.<\/p><p>Le informamos que Ivan Batet Torrens (en adelante \u201cFisio IBT\u201d) es el titular de la web fisioibt.com, con DNI: 38846111P y direcci\u00f3n en la C\/ Major, num. 60, bjs, 08397, Pineda de Mar. Puede contactar por correo electr\u00f3nico en info@fisioibt.com o bien telef\u00f3nicamente al 667401490.<\/p><p>Los datos personales que se soliciten, en su caso, consistir\u00e1n \u00fanicamente en aquellos estrictamente imprescindibles para identificar y atender la solicitud realizada por la persona titular de los mismos, en adelante el interesado. Dicha informaci\u00f3n ser\u00e1 tratada de forma leal, l\u00edcita y transparente en relaci\u00f3n con el interesado. Por otra parte, los datos personales ser\u00e1n recogidos para finalidades determinadas expl\u00edcitas y leg\u00edtimas, no siendo tratados ulteriormente de manera incompatible con dichos fines.<\/p><p>Los datos recogidos de cada interesado ser\u00e1n adecuados, pertinentes y no excesivos en relaci\u00f3n con las finalidades correspondientes para cada caso, y ser\u00e1n actualizados siempre que sea necesario.<\/p><p>La persona titular de los datos ser\u00e1 informada, con car\u00e1cter previo a la recogida de sus datos, de los extremos generales regulados en esta pol\u00edtica a fin de que pueda prestar el consentimiento expreso, preciso e inequ\u00edvoco para el tratamiento de sus datos, si \u00e9ste fuese necesario y conforme a los siguientes aspectos.<\/p><h3>Finalidad. \u00bfCon qu\u00e9 finalidad tratamos sus datos personales?<\/h3><p>La informaci\u00f3n personal que nos facilite a trav\u00e9s de los correos electr\u00f3nicos se mantendr\u00e1 confidencial y protegida. En ning\u00fan caso se destinar\u00e1 o utilizar\u00e1 para otros fines, ni se entregar\u00e1 a terceras personas sin su consentimiento, de acuerdo con los principios del RGPD 679\/2016 y la L.O. 3\/2018. Para cumplir con las distintas disposiciones legales, hemos establecido diferentes niveles de seguridad para proteger los datos personales que nos faciliten, habiendo adoptado todas las medidas t\u00e9cnicas a nuestro alcance para evitar la p\u00e9rdida, mal uso, alteraci\u00f3n, acceso no autorizado y manipulaci\u00f3n de dichos datos personales.<\/p><p>A continuaci\u00f3n, le detallamos los usos y finalidades previstas:<\/p><p>1) Consultas y solicitudes de informaci\u00f3n de terceros: Dar respuesta a la solicitud planteada.<\/p><p>2) Reserva de cita.<\/p><h3>Legitimaci\u00f3n. \u00bfCu\u00e1l es la legitimaci\u00f3n para el tratamiento de sus datos?<\/h3><p>La recogida y el tratamiento de sus datos est\u00e1 legitimado siempre por una o varias bases jur\u00eddicas, las cuales detallamos a continuaci\u00f3n:<\/p><p>1) Consultas y solicitudes de informaci\u00f3n de terceros: Inter\u00e9s leg\u00edtimo de atenci\u00f3n al interesado en respuesta al correo electr\u00f3nico y consentimiento expl\u00edcito en el formulario de contacto.<\/p><p>2) Reserva de cita: Inter\u00e9s leg\u00edtimo de atenci\u00f3n al interesado en respuesta al correo electr\u00f3nico y consentimiento expl\u00edcito en el formulario de contacto.<\/p><h3>Conservaci\u00f3n. \u00bfPor cu\u00e1nto tiempo conservaremos sus datos?<\/h3><p>indicadas anteriormente. A continuaci\u00f3n, le detallamos el tiempo que conservamos los datos:<\/p><p>A t\u00edtulo informativo se recogen los plazos de conservaci\u00f3n de la informaci\u00f3n en relaci\u00f3n con diferentes materias:<\/p><table cellspacing=\"0\" cellpadding=\"0\"><tbody><tr><td valign=\"middle\"><p align=\"center\">DOCUMENTO<\/p><\/td><td valign=\"middle\"><p align=\"center\">PLAZO<\/p><\/td><td valign=\"middle\"><p align=\"center\">REF.\u00a0 LEGAL<\/p><\/td><\/tr><tr><td valign=\"middle\"><p align=\"center\">Documentaci\u00f3n de car\u00e1cter laboral o relacionada con la seguridad social<\/p><\/td><td valign=\"middle\"><p align=\"center\">4 a\u00f1os<\/p><\/td><td valign=\"middle\"><p align=\"center\">Art\u00edculo 21 del Real Decreto Legislativo 5\/2000, de 4 de agosto, por el que se aprueba el texto refundido de la Ley sobre Infracciones y Sanciones en el Orden Social<\/p><\/td><\/tr><tr><td valign=\"middle\"><p align=\"center\">Documentaci\u00f3n contable y fiscal a efectos mercantiles<\/p><\/td><td valign=\"middle\"><p align=\"center\">6 a\u00f1os<\/p><\/td><td valign=\"middle\"><p align=\"center\">Art. 30 C\u00f3digo Comercio<\/p><\/td><\/tr><tr><td valign=\"middle\"><p align=\"center\">Documentaci\u00f3n contable y fiscal a efectos fiscales<\/p><\/td><td valign=\"middle\"><p align=\"center\">4 a\u00f1os<\/p><\/td><td valign=\"middle\"><p align=\"center\">Art\u00edculos 66 a 70 Ley General Tributaria<\/p><\/td><\/tr><tr><td valign=\"middle\"><p align=\"center\">Datos para el env\u00edo de informaci\u00f3n sobre servicios<\/p><\/td><td valign=\"middle\"><p align=\"center\">Mientras el interesado no solicite su supresi\u00f3n<\/p><\/td><td valign=\"middle\"><p align=\"center\">No aplicable<\/p><\/td><\/tr><tr><td valign=\"middle\"><p align=\"center\">Datos de personas que han contactado<\/p><\/td><td valign=\"middle\"><p align=\"center\">Mientras no solicite su supresi\u00f3n<\/p><\/td><td valign=\"middle\"><p align=\"center\">No aplicable<\/p><\/td><\/tr><tr><td valign=\"middle\"><p align=\"center\">Historias Cl\u00ednicas<\/p><\/td><td valign=\"middle\"><p align=\"center\">15 a\u00f1os<\/p><\/td><td valign=\"middle\"><p align=\"center\">Ley 16\/2010, de 3 de junio, de modificaci\u00f3n de la Ley 21\/2000 sobre los derechos de informaci\u00f3n relativos a la salud, la autonom\u00eda del paciente y la documentaci\u00f3n cl\u00ednica<\/p><\/td><\/tr><\/tbody><\/table><h3>Procedencia. \u00bfC\u00f3mo hemos obtenido sus datos?<\/h3><p>Visitar la web de \u201cFisio IBT\u201d no supone que el usuario est\u00e9 obligado a facilitar ninguna informaci\u00f3n sobre s\u00ed mismo.<\/p><p>\u201cFisio IBT\u201d proh\u00edbe expresamente que los menores de dieciocho a\u00f1os faciliten Datos Personales sin el consentimiento previo de sus padres o tutores.<\/p><p>A continuaci\u00f3n, le indicamos la procedencia de los datos:<\/p><p>1) Consultas y solicitudes de informaci\u00f3n de terceros: El propio interesado o su representante legal. En el formulario se solicitar\u00e1 nombre, apellidos, direcci\u00f3n de correo electr\u00f3nico y tel\u00e9fono de contacto.<\/p><p>2) Reserva de cita: El propio interesado o su representante legal. En el formulario se solicitar\u00e1 nombre, apellidos, direcci\u00f3n de correo electr\u00f3nico y tel\u00e9fono de contacto.<\/p><h3>Medidas de seguridad. \u00bfQu\u00e9 hacemos para proteger sus datos?<\/h3><p>\u201cFisio IBT\u201d adopta las medidas organizativas y t\u00e9cnicas necesarias para garantizar la seguridad y la privacidad de sus datos, evitar su alteraci\u00f3n, p\u00e9rdida, tratamiento o acceso no autorizado, dependiendo del estado de la tecnolog\u00eda, la naturaleza de los datos almacenados y los riesgos a que est\u00e1n expuestos.<\/p><p>Entre otras, destacan las siguientes medidas:<\/p><ul><li>Garantizar la confidencialidad, integridad, disponibilidad y resiliencia permanentes de los sistemas y servicios de tratamiento.<\/li><li>Restaurar la disponibilidad y el acceso a los datos personales de forma r\u00e1pida, en caso de incidente f\u00edsico o t\u00e9cnico.<\/li><li>Verificar, evaluar y valorar, de forma regular, la eficacia de las medidas t\u00e9cnicas y organizativas implementadas para garantizar la seguridad del tratamiento.<\/li><li>Seudonimizar y cifrar los datos personales, en caso de que se trate de datos sensibles.<\/li><\/ul><h3>Destinatarios. \u00bfA qu\u00e9 destinatarios se comunicar\u00e1n sus datos?<\/h3><p>Estos datos ser\u00e1n tratados por \u201cFisio IBT\u201d. Compartimos sus datos con prestadores de servicios que nos ayudan o dan soporte (encargados del tratamiento), con los que se ha celebrado el preceptivo contrato en los t\u00e9rminos del art\u00edculo 28 del RGPD.<\/p><p>No realizamos transferencias internacionales con sus datos personales.<\/p><h3>Derechos. \u00bfCu\u00e1les son sus derechos cuando nos facilita sus datos?<\/h3><p>La normativa vigente de protecci\u00f3n de datos le ampara en una serie de derechos en relaci\u00f3n con el uso que le damos a sus datos personales. Todos y cada uno de sus derechos son unipersonales e intransferibles, es decir, que \u00fanicamente pueden ser ejercidos por el titular de los datos, previa comprobaci\u00f3n de su identidad.<\/p><p>A continuaci\u00f3n, le indicamos cuales son los derechos que le asisten:<\/p><ul><li>Solicitar el acceso a sus datos personales<\/li><li>Solicitar la rectificaci\u00f3n de sus datos<\/li><li>Solicitar la supresi\u00f3n o eliminaci\u00f3n de sus datos (derecho al \u00abolvido\u00bb)<\/li><li>Derecho a la portabilidad de sus datos para casos de servicios de telecomunicaciones o internet.<\/li><li>Limitar u oponerse al uso que le damos a sus datos<\/li><li>Derecho a retirar su consentimiento en cualquier momento<\/li><li>Derecho a presentar una reclamaci\u00f3n en materia de protecci\u00f3n de datos ante la Autoridad de Control: Agencia Espa\u00f1ola de Protecci\u00f3n de Datos<\/li><\/ul><p>\u00bfC\u00f3mo puede ejercer sus derechos?<\/p><p>Para el ejercicio de sus derechos de acceso, rectificaci\u00f3n, supresi\u00f3n, limitaci\u00f3n u oposici\u00f3n, portabilidad y retirada de su consentimiento, puede hacerlo de la siguiente forma:<\/p><p>Presencialmente o por correo electr\u00f3nico en:<\/p><ul><li>Ivan Batet Torrens<\/li><li>DNI: 38846111P<\/li><li>info@fisioibt.com<\/li><\/ul><p>Adem\u00e1s de los derechos que le asisten, si cree que sus datos no se est\u00e1n recabando o tratando conforme a la normativa vigente de Protecci\u00f3n de Datos, usted podr\u00e1 realizar una reclamaci\u00f3n ante la Autoridad de Control, cuyos datos de contacto indicamos a continuaci\u00f3n:<\/p><p>Agencia Espa\u00f1ola de Protecci\u00f3n de Datos:<\/p><ul><li>C\/ Jorge Juan, 6. 28001, Madrid.<\/li><li>Email: info@agpd.es<\/li><li>Tel\u00e9fono: 912663517<\/li><li>Web: https:\/\/www.agpd.es<\/li><\/ul><h3>Consentimiento y aceptaci\u00f3n<\/h3><p>La aceptaci\u00f3n del presente documento indica que usted entiende y acepta todas las cl\u00e1usulas de nuestra pol\u00edtica de privacidad por lo que autoriza la recogida y el tratamiento de sus datos personales en estos t\u00e9rminos.<\/p>\t\t\t\t\t\t\t\t<\/div>\n\t\t\t\t<\/div>\n\t\t\t\t<\/div>\n\t\t\t\t\t<\/div>\n\t\t\t\t<\/div>\n\t\t\t\t<\/div>\n\t\t","protected":false},"excerpt":{"rendered":"<p>Informaci\u00f3n b\u00e1sica sobre Protecci\u00f3n de Datos Responsable: Ivan Batet Torrens DNI: 38846111P C\/ Major, num. 60, bjs, 08397, Pineda de Mar Contacto: Telf: 667401490 info@fisioibt.com Finalidad: 1) Consultas y solicitudes de informaci\u00f3n de terceros: Dar respuesta a la solicitud planteada. 2) Reserva de cita. Legitimaci\u00f3n: 1) Consultas y solicitudes de informaci\u00f3n de terceros: Inter\u00e9s leg\u00edtimo [&hellip;]<\/p>\n","protected":false},"author":1,"featured_media":0,"parent":0,"menu_order":0,"comment_status":"closed","ping_status":"closed","template":"","meta":{"_acf_changed":false,"footnotes":""},"class_list":["post-435","page","type-page","status-publish","hentry"],"acf":[],"yoast_head":"<!-- This site is optimized with the Yoast SEO plugin v26.8 - https:\/\/yoast.com\/product\/yoast-seo-wordpress\/ -->\n<title>Pol\u00edtica de privacidad - Fisio IBT<\/title>\n<meta name=\"description\" content=\"Informaci\u00f3n b\u00e1sica sobre Protecci\u00f3n de DatosResponsable:Ivan Batet TorrensDNI: 38846111PC\/ Major, num. 60, bjs, 08397, Pineda de MarContacto:Telf:\" \/>\n<meta name=\"robots\" content=\"noindex, nofollow\" \/>\n<meta property=\"og:locale\" content=\"es_ES\" \/>\n<meta property=\"og:type\" content=\"article\" \/>\n<meta property=\"og:title\" content=\"Pol\u00edtica de privacidad - Fisio IBT\" \/>\n<meta property=\"og:description\" content=\"Informaci\u00f3n b\u00e1sica sobre Protecci\u00f3n de DatosResponsable:Ivan Batet TorrensDNI: 38846111PC\/ Major, num. 60, bjs, 08397, Pineda de MarContacto:Telf:\" \/>\n<meta property=\"og:url\" content=\"https:\/\/www.fisioibt.com\/es\/politica-de-privacidad\/\" \/>\n<meta property=\"og:site_name\" content=\"Fisio IBT\" \/>\n<meta property=\"article:modified_time\" content=\"2024-06-06T04:20:50+00:00\" \/>\n<meta property=\"og:image\" content=\"https:\/\/www.fisioibt.com\/wp-content\/uploads\/2025\/05\/fisio-IBT.jpg\" \/>\n\t<meta property=\"og:image:width\" content=\"300\" \/>\n\t<meta property=\"og:image:height\" content=\"300\" \/>\n\t<meta property=\"og:image:type\" content=\"image\/jpeg\" \/>\n<meta name=\"twitter:card\" content=\"summary_large_image\" \/>\n<meta name=\"twitter:label1\" content=\"Tiempo de lectura\" \/>\n\t<meta name=\"twitter:data1\" content=\"9 minutos\" \/>\n<script type=\"application\/ld+json\" class=\"yoast-schema-graph\">{\"@context\":\"https:\/\/schema.org\",\"@graph\":[{\"@type\":\"WebPage\",\"@id\":\"https:\/\/www.fisioibt.com\/es\/politica-de-privacidad\/\",\"url\":\"https:\/\/www.fisioibt.com\/es\/politica-de-privacidad\/\",\"name\":\"Pol\u00edtica de privacidad - Fisio IBT\",\"isPartOf\":{\"@id\":\"https:\/\/www.fisioibt.com\/es\/#website\"},\"datePublished\":\"2024-04-16T16:55:56+00:00\",\"dateModified\":\"2024-06-06T04:20:50+00:00\",\"description\":\"Informaci\u00f3n b\u00e1sica sobre Protecci\u00f3n de DatosResponsable:Ivan Batet TorrensDNI: 38846111PC\/ Major, num. 60, bjs, 08397, Pineda de MarContacto:Telf:\",\"breadcrumb\":{\"@id\":\"https:\/\/www.fisioibt.com\/es\/politica-de-privacidad\/#breadcrumb\"},\"inLanguage\":\"es\",\"potentialAction\":[{\"@type\":\"ReadAction\",\"target\":[\"https:\/\/www.fisioibt.com\/es\/politica-de-privacidad\/\"]}]},{\"@type\":\"BreadcrumbList\",\"@id\":\"https:\/\/www.fisioibt.com\/es\/politica-de-privacidad\/#breadcrumb\",\"itemListElement\":[{\"@type\":\"ListItem\",\"position\":1,\"name\":\"Inici\",\"item\":\"https:\/\/www.fisioibt.com\/es\/inicio\/\"},{\"@type\":\"ListItem\",\"position\":2,\"name\":\"Pol\u00edtica de privacidad\"}]},{\"@type\":\"WebSite\",\"@id\":\"https:\/\/www.fisioibt.com\/es\/#website\",\"url\":\"https:\/\/www.fisioibt.com\/es\/\",\"name\":\"Fisio IBT\",\"description\":\"Centre de fisioter\u00e0pia, rehabilitaci\u00f3 i acupuntura a Pineda de Mar\",\"potentialAction\":[{\"@type\":\"SearchAction\",\"target\":{\"@type\":\"EntryPoint\",\"urlTemplate\":\"https:\/\/www.fisioibt.com\/es\/?s={search_term_string}\"},\"query-input\":{\"@type\":\"PropertyValueSpecification\",\"valueRequired\":true,\"valueName\":\"search_term_string\"}}],\"inLanguage\":\"es\"}]}<\/script>\n<!-- \/ Yoast SEO plugin. -->","yoast_head_json":{"title":"Pol\u00edtica de privacidad - Fisio IBT","description":"Informaci\u00f3n b\u00e1sica sobre Protecci\u00f3n de DatosResponsable:Ivan Batet TorrensDNI: 38846111PC\/ Major, num. 60, bjs, 08397, Pineda de MarContacto:Telf:","robots":{"index":"noindex","follow":"nofollow"},"og_locale":"es_ES","og_type":"article","og_title":"Pol\u00edtica de privacidad - Fisio IBT","og_description":"Informaci\u00f3n b\u00e1sica sobre Protecci\u00f3n de DatosResponsable:Ivan Batet TorrensDNI: 38846111PC\/ Major, num. 60, bjs, 08397, Pineda de MarContacto:Telf:","og_url":"https:\/\/www.fisioibt.com\/es\/politica-de-privacidad\/","og_site_name":"Fisio IBT","article_modified_time":"2024-06-06T04:20:50+00:00","og_image":[{"width":300,"height":300,"url":"https:\/\/www.fisioibt.com\/wp-content\/uploads\/2025\/05\/fisio-IBT.jpg","type":"image\/jpeg"}],"twitter_card":"summary_large_image","twitter_misc":{"Tiempo de lectura":"9 minutos"},"schema":{"@context":"https:\/\/schema.org","@graph":[{"@type":"WebPage","@id":"https:\/\/www.fisioibt.com\/es\/politica-de-privacidad\/","url":"https:\/\/www.fisioibt.com\/es\/politica-de-privacidad\/","name":"Pol\u00edtica de privacidad - Fisio IBT","isPartOf":{"@id":"https:\/\/www.fisioibt.com\/es\/#website"},"datePublished":"2024-04-16T16:55:56+00:00","dateModified":"2024-06-06T04:20:50+00:00","description":"Informaci\u00f3n b\u00e1sica sobre Protecci\u00f3n de DatosResponsable:Ivan Batet TorrensDNI: 38846111PC\/ Major, num. 60, bjs, 08397, Pineda de MarContacto:Telf:","breadcrumb":{"@id":"https:\/\/www.fisioibt.com\/es\/politica-de-privacidad\/#breadcrumb"},"inLanguage":"es","potentialAction":[{"@type":"ReadAction","target":["https:\/\/www.fisioibt.com\/es\/politica-de-privacidad\/"]}]},{"@type":"BreadcrumbList","@id":"https:\/\/www.fisioibt.com\/es\/politica-de-privacidad\/#breadcrumb","itemListElement":[{"@type":"ListItem","position":1,"name":"Inici","item":"https:\/\/www.fisioibt.com\/es\/inicio\/"},{"@type":"ListItem","position":2,"name":"Pol\u00edtica de privacidad"}]},{"@type":"WebSite","@id":"https:\/\/www.fisioibt.com\/es\/#website","url":"https:\/\/www.fisioibt.com\/es\/","name":"Fisio IBT","description":"Centre de fisioter\u00e0pia, rehabilitaci\u00f3 i acupuntura a Pineda de Mar","potentialAction":[{"@type":"SearchAction","target":{"@type":"EntryPoint","urlTemplate":"https:\/\/www.fisioibt.com\/es\/?s={search_term_string}"},"query-input":{"@type":"PropertyValueSpecification","valueRequired":true,"valueName":"search_term_string"}}],"inLanguage":"es"}]}},"_links":{"self":[{"href":"https:\/\/www.fisioibt.com\/es\/wp-json\/wp\/v2\/pages\/435","targetHints":{"allow":["GET"]}}],"collection":[{"href":"https:\/\/www.fisioibt.com\/es\/wp-json\/wp\/v2\/pages"}],"about":[{"href":"https:\/\/www.fisioibt.com\/es\/wp-json\/wp\/v2\/types\/page"}],"author":[{"embeddable":true,"href":"https:\/\/www.fisioibt.com\/es\/wp-json\/wp\/v2\/users\/1"}],"replies":[{"embeddable":true,"href":"https:\/\/www.fisioibt.com\/es\/wp-json\/wp\/v2\/comments?post=435"}],"version-history":[{"count":13,"href":"https:\/\/www.fisioibt.com\/es\/wp-json\/wp\/v2\/pages\/435\/revisions"}],"predecessor-version":[{"id":549,"href":"https:\/\/www.fisioibt.com\/es\/wp-json\/wp\/v2\/pages\/435\/revisions\/549"}],"wp:attachment":[{"href":"https:\/\/www.fisioibt.com\/es\/wp-json\/wp\/v2\/media?parent=435"}],"curies":[{"name":"wp","href":"https:\/\/api.w.org\/{rel}","templated":true}]}}