{"id":439,"date":"2024-04-16T18:55:57","date_gmt":"2024-04-16T16:55:57","guid":{"rendered":"https:\/\/www.fisioibt.com\/contacto\/"},"modified":"2024-05-29T06:24:49","modified_gmt":"2024-05-29T04:24:49","slug":"contacto","status":"publish","type":"page","link":"https:\/\/www.fisioibt.com\/es\/contacto\/","title":{"rendered":"Contacto"},"content":{"rendered":"\t\t<div data-elementor-type=\"wp-page\" data-elementor-id=\"439\" class=\"elementor elementor-439 elementor-119\" data-elementor-post-type=\"page\">\n\t\t\t\t<div class=\"elementor-element elementor-element-78765bc e-flex e-con-boxed e-con e-parent\" data-id=\"78765bc\" data-element_type=\"container\" data-settings=\"{&quot;background_background&quot;:&quot;classic&quot;}\">\n\t\t\t\t\t<div class=\"e-con-inner\">\n\t\t<div class=\"elementor-element elementor-element-376471cc e-con-full e-flex e-con e-child\" data-id=\"376471cc\" data-element_type=\"container\">\n\t\t\t\t<div class=\"elementor-element elementor-element-4c1dd756 elementor-widget elementor-widget-heading\" data-id=\"4c1dd756\" data-element_type=\"widget\" data-widget_type=\"heading.default\">\n\t\t\t\t<div class=\"elementor-widget-container\">\n\t\t\t\t\t<h1 class=\"elementor-heading-title elementor-size-default\">Contacto<\/h1>\t\t\t\t<\/div>\n\t\t\t\t<\/div>\n\t\t\t\t<\/div>\n\t\t<div class=\"elementor-element elementor-element-45eaaa4b e-con-full e-flex e-con e-child\" data-id=\"45eaaa4b\" data-element_type=\"container\">\n\t\t\t\t<\/div>\n\t\t\t\t\t<\/div>\n\t\t\t\t<\/div>\n\t\t<div class=\"elementor-element elementor-element-75c77767 e-flex e-con-boxed e-con e-parent\" data-id=\"75c77767\" data-element_type=\"container\">\n\t\t\t\t\t<div class=\"e-con-inner\">\n\t\t<div class=\"elementor-element elementor-element-66521a30 e-con-full e-flex e-con e-child\" data-id=\"66521a30\" data-element_type=\"container\">\n\t\t\t\t<div class=\"elementor-element elementor-element-75b59c28 elementor-widget-divider--view-line elementor-widget elementor-widget-divider\" data-id=\"75b59c28\" data-element_type=\"widget\" data-widget_type=\"divider.default\">\n\t\t\t\t<div class=\"elementor-widget-container\">\n\t\t\t\t\t\t\t<div class=\"elementor-divider\">\n\t\t\t<span class=\"elementor-divider-separator\">\n\t\t\t\t\t\t<\/span>\n\t\t<\/div>\n\t\t\t\t\t\t<\/div>\n\t\t\t\t<\/div>\n\t\t\t\t<div class=\"elementor-element elementor-element-1831440 elementor-widget elementor-widget-heading\" data-id=\"1831440\" data-element_type=\"widget\" data-widget_type=\"heading.default\">\n\t\t\t\t<div class=\"elementor-widget-container\">\n\t\t\t\t\t<h2 class=\"elementor-heading-title elementor-size-default\">\u00bfQuieres contactar con nosotros?<\/h2>\t\t\t\t<\/div>\n\t\t\t\t<\/div>\n\t\t\t\t<\/div>\n\t\t<div class=\"elementor-element elementor-element-76dbf4e0 e-con-full e-flex e-con e-child\" data-id=\"76dbf4e0\" data-element_type=\"container\">\n\t\t\t\t<div class=\"elementor-element elementor-element-70b1251b elementor-widget elementor-widget-text-editor\" data-id=\"70b1251b\" data-element_type=\"widget\" data-widget_type=\"text-editor.default\">\n\t\t\t\t<div class=\"elementor-widget-container\">\n\t\t\t\t\t\t\t\t\t<p>Contacta con nosotros si quieres m\u00e1s informaci\u00f3n sobre nuestros servicios o solicitar cita previa. O puedes hacer por tel\u00e9fono al 667401490, enviando un correo electr\u00f3nico a info@fisioibt.com o rellenando el formulario que encontrar\u00e1s a continuaci\u00f3n.<\/p>\n\t\t\t\t\t\t\t\t<\/div>\n\t\t\t\t<\/div>\n\t\t\t\t<div class=\"elementor-element elementor-element-1f252eff elementor-widget elementor-widget-shortcode\" data-id=\"1f252eff\" data-element_type=\"widget\" data-widget_type=\"shortcode.default\">\n\t\t\t\t<div class=\"elementor-widget-container\">\n\t\t\t\t\t\t\t<div class=\"elementor-shortcode\"><div class=\"frm_forms  with_frm_style frm_style_formidable-style\" id=\"frm_form_2_container\" data-token=\"b249e6446aead875dff0696ff54b2638\">\n<form enctype=\"multipart\/form-data\" method=\"post\" class=\"frm-show-form  frm_pro_form \" id=\"form_contacte\" data-token=\"b249e6446aead875dff0696ff54b2638\">\n<div class=\"frm_form_fields \">\n<fieldset>\n<legend class=\"frm_screen_reader\">Contacto<\/legend>\r\n\r\n<div class=\"frm_fields_container\">\n<input type=\"hidden\" name=\"frm_action\" value=\"create\" \/>\n<input type=\"hidden\" name=\"form_id\" value=\"2\" \/>\n<input type=\"hidden\" name=\"frm_hide_fields_2\" id=\"frm_hide_fields_2\" value=\"\" \/>\n<input type=\"hidden\" name=\"form_key\" value=\"contacte\" \/>\n<input type=\"hidden\" name=\"item_meta[0]\" value=\"\" \/>\n<input type=\"hidden\" id=\"frm_submit_entry_2\" name=\"frm_submit_entry_2\" value=\"6777967099\" \/><input type=\"hidden\" name=\"_wp_http_referer\" value=\"\/es\/wp-json\/wp\/v2\/pages\/439\" \/><div id=\"frm_field_7_container\" class=\"frm_form_field form-field  frm_required_field frm_top_container frm6 frm_first\">\r\n\t<label for=\"field_r3g2q\" id=\"field_r3g2q_label\" class=\"frm_primary_label\">Nombre\r\n\t\t<span class=\"frm_required\" aria-hidden=\"true\">*<\/span>\r\n\t<\/label>\r\n\t<input  type=\"text\" id=\"field_r3g2q\" name=\"item_meta[7]\" value=\"\"  data-reqmsg=\"Nombre no puede estar en blanco.\" aria-required=\"true\" data-invmsg=\"Nombre is invalid \" aria-invalid=\"false\"   \/>\r\n\t\r\n\t\r\n<\/div>\n<div id=\"frm_field_8_container\" class=\"frm_form_field form-field  frm_required_field frm_top_container frm6\">\r\n\t<label for=\"field_hsi2q\" id=\"field_hsi2q_label\" class=\"frm_primary_label\">Apellido\r\n\t\t<span class=\"frm_required\" aria-hidden=\"true\">*<\/span>\r\n\t<\/label>\r\n\t<input  type=\"text\" id=\"field_hsi2q\" name=\"item_meta[8]\" value=\"\"  data-reqmsg=\"Apellido no puede estar en blanco.\" aria-required=\"true\" data-invmsg=\"Apellido no es v\u00e1lido\" aria-invalid=\"false\"   \/>\r\n\t\r\n\t\r\n<\/div>\n<div id=\"frm_field_9_container\" class=\"frm_form_field form-field  frm_required_field frm_top_container frm6 frm_first\">\r\n\t<label for=\"field_x9dvi\" id=\"field_x9dvi_label\" class=\"frm_primary_label\">Correo electr\u00f3nico\r\n\t\t<span class=\"frm_required\" aria-hidden=\"true\">*<\/span>\r\n\t<\/label>\r\n\t<input type=\"email\" id=\"field_x9dvi\" name=\"item_meta[9]\" value=\"\"  autocomplete=\"email\"  data-reqmsg=\"Correo electr\u00f3nico no puede estar en blanco.\" aria-required=\"true\" data-invmsg=\"Correo electr\u00f3nico no es v\u00e1lido\" aria-invalid=\"false\"  \/>\r\n\t\r\n\t\r\n<\/div>\n<div id=\"frm_field_10_container\" class=\"frm_form_field form-field  frm_required_field frm_top_container frm6\">\r\n\t<label for=\"field_r74jq\" id=\"field_r74jq_label\" class=\"frm_primary_label\">Tel\u00e9fono\r\n\t\t<span class=\"frm_required\" aria-hidden=\"true\">*<\/span>\r\n\t<\/label>\r\n\t<input type=\"tel\" id=\"field_r74jq\" name=\"item_meta[10]\" value=\"\"  data-reqmsg=\"Tel\u00e9fono no puede estar en blanco.\" aria-required=\"true\" data-invmsg=\"Tel\u00e9fono no es v\u00e1lido\" aria-invalid=\"false\" pattern=\"((\\+\\d{1,3}(-|.| )?\\(?\\d\\)?(-| |.)?\\d{1,5})|(\\(?\\d{2,6}\\)?))(-|.| )?(\\d{3,4})(-|.| )?(\\d{4})(( x| ext)\\d{1,5}){0,1}$\"  \/>\r\n\t\r\n\t\r\n<\/div>\n<div id=\"frm_field_11_container\" class=\"frm_form_field form-field  frm_required_field frm_top_container\">\r\n\t<label for=\"field_1r8gp\" id=\"field_1r8gp_label\" class=\"frm_primary_label\">Mensaje\r\n\t\t<span class=\"frm_required\" aria-hidden=\"true\">*<\/span>\r\n\t<\/label>\r\n\t<textarea name=\"item_meta[11]\" id=\"field_1r8gp\" rows=\"5\"  data-reqmsg=\"Mensaje no puede estar en blanco.\" aria-required=\"true\" data-invmsg=\"Mensaje no es v\u00e1lido\" aria-invalid=\"false\"  ><\/textarea>\r\n\t\r\n\t\r\n<\/div>\n<div id=\"frm_field_12_container\" class=\"frm_form_field form-field  frm_required_field frm_top_container vertical_radio\">\r\n\t<div  id=\"field_zz13p_label\" class=\"frm_primary_label\">\r\n\t\t<span class=\"frm_required\" aria-hidden=\"true\"><\/span>\r\n\t<\/div>\r\n\t<div class=\"frm_opt_container\" aria-labelledby=\"field_zz13p_label\" role=\"group\">\t\t<div class=\"frm_checkbox\" id=\"frm_checkbox_12-1\">\t\t\t<label  for=\"field_zz13p-1\">\n\t\t\t<input type=\"checkbox\" name=\"item_meta[12][]\" id=\"field_zz13p-1\" value=\"He llegit i accepto la &lt;a href=&quot;https:\/\/www.fisioibt.com\/politica-de-privacitat\/&quot;&gt;pol\u00edtica de privacitat&lt;\/a&gt;.\"  data-reqmsg=\"Este campo no puede estar en blanco.\" data-invmsg=\"Este campo no es v\u00e1lido\"   aria-required=\"true\"  \/> He le\u00eddo y acepto la <a href=\"https:\/\/www.fisioibt.com\/es\/politica-de-privacidad\/\">pol\u00edtica de privacidad<\/a>. <\/label><\/div>\n<\/div>\r\n\t\r\n\t\r\n<\/div>\n<div id=\"frm_field_6_container\" class=\"frm_form_field form-field \">\r\n\t<div class=\"frm_submit frm_flex\">\r\n<button class=\"frm_button_submit frm_final_submit\" type=\"submit\"   formnovalidate=\"formnovalidate\">Enviar<\/button>\r\n\r\n\r\n\r\n<\/div>\r\n<\/div>\n\t<input type=\"hidden\" name=\"item_key\" value=\"\" \/>\n\t\t\t<div id=\"frm_field_4022_container\">\n\t\t\t<label for=\"field_tnrjb\" >\n\t\t\t\tSi eres humano, deja este campo en blanco.\t\t\t<\/label>\n\t\t\t<input  id=\"field_tnrjb\" type=\"text\" class=\"frm_form_field form-field frm_verify\" name=\"item_meta[4022]\" value=\"\"  \/>\n\t\t<\/div>\n\t\t<input name=\"frm_state\" type=\"hidden\" value=\"c9oWATWdie7iNyOibPrQrnJVmT4AVC6ATPSZDb6eHgOR0iRtXQnaFgC1zXCAb2VZ\" \/><\/div>\n<\/fieldset>\n<\/div>\n\n<p style=\"display: none !important;\" class=\"akismet-fields-container\" data-prefix=\"ak_\"><label>&#916;<textarea name=\"ak_hp_textarea\" cols=\"45\" rows=\"8\" maxlength=\"100\"><\/textarea><\/label><input type=\"hidden\" id=\"ak_js_1\" name=\"ak_js\" value=\"184\"\/><script>document.getElementById( \"ak_js_1\" ).setAttribute( \"value\", ( new Date() ).getTime() );<\/script><\/p><\/form>\n<\/div>\n<\/div>\n\t\t\t\t\t\t<\/div>\n\t\t\t\t<\/div>\n\t\t\t\t<\/div>\n\t\t\t\t\t<\/div>\n\t\t\t\t<\/div>\n\t\t\t\t<\/div>\n\t\t","protected":false},"excerpt":{"rendered":"<p>\u00bfQuieres contactar con nosotros? Contacta con nosotros si quieres m\u00e1s informaci\u00f3n sobre nuestros servicios o solicitar cita previa. O puedes hacer por tel\u00e9fono al 667401490, enviando un correo electr\u00f3nico a info@fisioibt.com o rellenando el formulario que encontrar\u00e1s a continuaci\u00f3n.<\/p>\n","protected":false},"author":1,"featured_media":0,"parent":0,"menu_order":0,"comment_status":"closed","ping_status":"closed","template":"elementor_header_footer","meta":{"_acf_changed":false,"footnotes":""},"class_list":["post-439","page","type-page","status-publish","hentry"],"acf":[],"yoast_head":"<!-- This site is optimized with the Yoast SEO plugin v26.8 - https:\/\/yoast.com\/product\/yoast-seo-wordpress\/ -->\n<title>Contacto - Fisio IBT<\/title>\n<meta name=\"description\" content=\"Contacta con nosotros si quieres m\u00e1s informaci\u00f3n sobre nuestros servicios o solicitar cita previa en nuestro centro.\" \/>\n<meta name=\"robots\" content=\"index, follow, max-snippet:-1, max-image-preview:large, max-video-preview:-1\" \/>\n<link rel=\"canonical\" href=\"https:\/\/www.fisioibt.com\/es\/contacto\/\" \/>\n<meta property=\"og:locale\" content=\"es_ES\" \/>\n<meta property=\"og:type\" content=\"article\" \/>\n<meta property=\"og:title\" content=\"Contacto - Fisio IBT\" \/>\n<meta property=\"og:description\" content=\"Contacta con nosotros si quieres m\u00e1s informaci\u00f3n sobre nuestros servicios o solicitar cita previa en nuestro centro.\" \/>\n<meta property=\"og:url\" content=\"https:\/\/www.fisioibt.com\/es\/contacto\/\" \/>\n<meta property=\"og:site_name\" content=\"Fisio IBT\" \/>\n<meta property=\"article:modified_time\" content=\"2024-05-29T04:24:49+00:00\" \/>\n<meta property=\"og:image\" content=\"https:\/\/www.fisioibt.com\/wp-content\/uploads\/2025\/05\/fisio-IBT.jpg\" \/>\n\t<meta property=\"og:image:width\" content=\"300\" \/>\n\t<meta property=\"og:image:height\" content=\"300\" \/>\n\t<meta property=\"og:image:type\" content=\"image\/jpeg\" \/>\n<meta name=\"twitter:card\" content=\"summary_large_image\" \/>\n<script type=\"application\/ld+json\" class=\"yoast-schema-graph\">{\"@context\":\"https:\/\/schema.org\",\"@graph\":[{\"@type\":\"WebPage\",\"@id\":\"https:\/\/www.fisioibt.com\/es\/contacto\/\",\"url\":\"https:\/\/www.fisioibt.com\/es\/contacto\/\",\"name\":\"Contacto - Fisio IBT\",\"isPartOf\":{\"@id\":\"https:\/\/www.fisioibt.com\/es\/#website\"},\"datePublished\":\"2024-04-16T16:55:57+00:00\",\"dateModified\":\"2024-05-29T04:24:49+00:00\",\"description\":\"Contacta con nosotros si quieres m\u00e1s informaci\u00f3n sobre nuestros servicios o solicitar cita previa en nuestro centro.\",\"breadcrumb\":{\"@id\":\"https:\/\/www.fisioibt.com\/es\/contacto\/#breadcrumb\"},\"inLanguage\":\"es\",\"potentialAction\":[{\"@type\":\"ReadAction\",\"target\":[\"https:\/\/www.fisioibt.com\/es\/contacto\/\"]}]},{\"@type\":\"BreadcrumbList\",\"@id\":\"https:\/\/www.fisioibt.com\/es\/contacto\/#breadcrumb\",\"itemListElement\":[{\"@type\":\"ListItem\",\"position\":1,\"name\":\"Inici\",\"item\":\"https:\/\/www.fisioibt.com\/es\/inicio\/\"},{\"@type\":\"ListItem\",\"position\":2,\"name\":\"Contacto\"}]},{\"@type\":\"WebSite\",\"@id\":\"https:\/\/www.fisioibt.com\/es\/#website\",\"url\":\"https:\/\/www.fisioibt.com\/es\/\",\"name\":\"Fisio IBT\",\"description\":\"Centre de fisioter\u00e0pia, rehabilitaci\u00f3 i acupuntura a Pineda de Mar\",\"potentialAction\":[{\"@type\":\"SearchAction\",\"target\":{\"@type\":\"EntryPoint\",\"urlTemplate\":\"https:\/\/www.fisioibt.com\/es\/?s={search_term_string}\"},\"query-input\":{\"@type\":\"PropertyValueSpecification\",\"valueRequired\":true,\"valueName\":\"search_term_string\"}}],\"inLanguage\":\"es\"}]}<\/script>\n<!-- \/ Yoast SEO plugin. -->","yoast_head_json":{"title":"Contacto - Fisio IBT","description":"Contacta con nosotros si quieres m\u00e1s informaci\u00f3n sobre nuestros servicios o solicitar cita previa en nuestro centro.","robots":{"index":"index","follow":"follow","max-snippet":"max-snippet:-1","max-image-preview":"max-image-preview:large","max-video-preview":"max-video-preview:-1"},"canonical":"https:\/\/www.fisioibt.com\/es\/contacto\/","og_locale":"es_ES","og_type":"article","og_title":"Contacto - Fisio IBT","og_description":"Contacta con nosotros si quieres m\u00e1s informaci\u00f3n sobre nuestros servicios o solicitar cita previa en nuestro centro.","og_url":"https:\/\/www.fisioibt.com\/es\/contacto\/","og_site_name":"Fisio IBT","article_modified_time":"2024-05-29T04:24:49+00:00","og_image":[{"width":300,"height":300,"url":"https:\/\/www.fisioibt.com\/wp-content\/uploads\/2025\/05\/fisio-IBT.jpg","type":"image\/jpeg"}],"twitter_card":"summary_large_image","schema":{"@context":"https:\/\/schema.org","@graph":[{"@type":"WebPage","@id":"https:\/\/www.fisioibt.com\/es\/contacto\/","url":"https:\/\/www.fisioibt.com\/es\/contacto\/","name":"Contacto - Fisio IBT","isPartOf":{"@id":"https:\/\/www.fisioibt.com\/es\/#website"},"datePublished":"2024-04-16T16:55:57+00:00","dateModified":"2024-05-29T04:24:49+00:00","description":"Contacta con nosotros si quieres m\u00e1s informaci\u00f3n sobre nuestros servicios o solicitar cita previa en nuestro centro.","breadcrumb":{"@id":"https:\/\/www.fisioibt.com\/es\/contacto\/#breadcrumb"},"inLanguage":"es","potentialAction":[{"@type":"ReadAction","target":["https:\/\/www.fisioibt.com\/es\/contacto\/"]}]},{"@type":"BreadcrumbList","@id":"https:\/\/www.fisioibt.com\/es\/contacto\/#breadcrumb","itemListElement":[{"@type":"ListItem","position":1,"name":"Inici","item":"https:\/\/www.fisioibt.com\/es\/inicio\/"},{"@type":"ListItem","position":2,"name":"Contacto"}]},{"@type":"WebSite","@id":"https:\/\/www.fisioibt.com\/es\/#website","url":"https:\/\/www.fisioibt.com\/es\/","name":"Fisio IBT","description":"Centre de fisioter\u00e0pia, rehabilitaci\u00f3 i acupuntura a Pineda de Mar","potentialAction":[{"@type":"SearchAction","target":{"@type":"EntryPoint","urlTemplate":"https:\/\/www.fisioibt.com\/es\/?s={search_term_string}"},"query-input":{"@type":"PropertyValueSpecification","valueRequired":true,"valueName":"search_term_string"}}],"inLanguage":"es"}]}},"_links":{"self":[{"href":"https:\/\/www.fisioibt.com\/es\/wp-json\/wp\/v2\/pages\/439","targetHints":{"allow":["GET"]}}],"collection":[{"href":"https:\/\/www.fisioibt.com\/es\/wp-json\/wp\/v2\/pages"}],"about":[{"href":"https:\/\/www.fisioibt.com\/es\/wp-json\/wp\/v2\/types\/page"}],"author":[{"embeddable":true,"href":"https:\/\/www.fisioibt.com\/es\/wp-json\/wp\/v2\/users\/1"}],"replies":[{"embeddable":true,"href":"https:\/\/www.fisioibt.com\/es\/wp-json\/wp\/v2\/comments?post=439"}],"version-history":[{"count":1,"href":"https:\/\/www.fisioibt.com\/es\/wp-json\/wp\/v2\/pages\/439\/revisions"}],"predecessor-version":[{"id":440,"href":"https:\/\/www.fisioibt.com\/es\/wp-json\/wp\/v2\/pages\/439\/revisions\/440"}],"wp:attachment":[{"href":"https:\/\/www.fisioibt.com\/es\/wp-json\/wp\/v2\/media?parent=439"}],"curies":[{"name":"wp","href":"https:\/\/api.w.org\/{rel}","templated":true}]}}