{"id":441,"date":"2024-04-16T18:27:10","date_gmt":"2024-04-16T16:27:10","guid":{"rendered":"https:\/\/www.fisioibt.com\/fisioterapia-y-rehabilitacion\/"},"modified":"2024-05-29T17:05:00","modified_gmt":"2024-05-29T15:05:00","slug":"fisioterapia-y-rehabilitacion","status":"publish","type":"page","link":"https:\/\/www.fisioibt.com\/es\/fisioterapia-y-rehabilitacion\/","title":{"rendered":"Fisioterapia y Rehabilitaci\u00f3n"},"content":{"rendered":"\t\t<div data-elementor-type=\"wp-page\" data-elementor-id=\"441\" class=\"elementor elementor-441 elementor-19\" data-elementor-post-type=\"page\">\n\t\t\t\t<div class=\"elementor-element elementor-element-67e8b69d e-flex e-con-boxed e-con e-parent\" data-id=\"67e8b69d\" data-element_type=\"container\" data-settings=\"{&quot;background_background&quot;:&quot;classic&quot;}\">\n\t\t\t\t\t<div class=\"e-con-inner\">\n\t\t<div class=\"elementor-element elementor-element-3aadffb9 e-con-full e-flex e-con e-child\" data-id=\"3aadffb9\" data-element_type=\"container\">\n\t\t\t\t<div class=\"elementor-element elementor-element-2143d4 elementor-widget elementor-widget-heading\" data-id=\"2143d4\" data-element_type=\"widget\" data-widget_type=\"heading.default\">\n\t\t\t\t<div class=\"elementor-widget-container\">\n\t\t\t\t\t<h1 class=\"elementor-heading-title elementor-size-default\">Fisioterapia y Rehabilitaci\u00f3n<\/h1>\t\t\t\t<\/div>\n\t\t\t\t<\/div>\n\t\t\t\t<\/div>\n\t\t<div class=\"elementor-element elementor-element-71211e75 e-con-full e-flex e-con e-child\" data-id=\"71211e75\" data-element_type=\"container\">\n\t\t\t\t<\/div>\n\t\t\t\t\t<\/div>\n\t\t\t\t<\/div>\n\t\t<div class=\"elementor-element elementor-element-9bc02c3 e-flex e-con-boxed e-con e-parent\" data-id=\"9bc02c3\" data-element_type=\"container\">\n\t\t\t\t\t<div class=\"e-con-inner\">\n\t\t<div class=\"elementor-element elementor-element-993ce94 e-con-full e-flex e-con e-child\" data-id=\"993ce94\" data-element_type=\"container\">\n\t\t\t\t<div class=\"elementor-element elementor-element-563e8e4c elementor-widget-divider--view-line elementor-widget elementor-widget-divider\" data-id=\"563e8e4c\" data-element_type=\"widget\" data-widget_type=\"divider.default\">\n\t\t\t\t<div class=\"elementor-widget-container\">\n\t\t\t\t\t\t\t<div class=\"elementor-divider\">\n\t\t\t<span class=\"elementor-divider-separator\">\n\t\t\t\t\t\t<\/span>\n\t\t<\/div>\n\t\t\t\t\t\t<\/div>\n\t\t\t\t<\/div>\n\t\t\t\t<div class=\"elementor-element elementor-element-4fbb176f elementor-widget elementor-widget-heading\" data-id=\"4fbb176f\" data-element_type=\"widget\" data-widget_type=\"heading.default\">\n\t\t\t\t<div class=\"elementor-widget-container\">\n\t\t\t\t\t<h2 class=\"elementor-heading-title elementor-size-default\">Fisioterapeuta en Pineda de Mar\n<\/h2>\t\t\t\t<\/div>\n\t\t\t\t<\/div>\n\t\t\t\t<\/div>\n\t\t<div class=\"elementor-element elementor-element-1c14ddad e-con-full e-flex e-con e-child\" data-id=\"1c14ddad\" data-element_type=\"container\">\n\t\t\t\t<div class=\"elementor-element elementor-element-1046fbc1 elementor-widget elementor-widget-text-editor\" data-id=\"1046fbc1\" data-element_type=\"widget\" data-widget_type=\"text-editor.default\">\n\t\t\t\t<div class=\"elementor-widget-container\">\n\t\t\t\t\t\t\t\t\t<p>Es una disciplina de la salud que proporciona tratamiento terap\u00e9utico mediante agentes f\u00edsicos. Por tanto, la fisioterapia es la ciencia del tratamiento por medio del ejercicio terap\u00e9utico, calor, fr\u00edo, luz, agua, masaje, electricidad&#8230;<\/p>\n<p>Adem\u00e1s, la fisioterapia incluye la ejecuci\u00f3n de pruebas el\u00e9ctricas y manuales para determinar el valor de la afectaci\u00f3n y la fuerza muscular, pruebas para determinar las capacidades funcionales, la amplitud del movimiento articular y medidas de la capacidad vital, as\u00ed como ayudas diagn\u00f3sticas para el control de la evoluci\u00f3n.<\/p>\n<p>Un error com\u00fan es considerar que fisioterapia y rehabilitaci\u00f3n es lo mismo. La rehabilitaci\u00f3n es la recuperaci\u00f3n f\u00edsica, ps\u00edquica, social y laboral, esto es, la rehabilitaci\u00f3n es la recuperaci\u00f3n global del enfermo o lesionado. Por el contrario, la fisioterapia se ocupa de la recuperaci\u00f3n f\u00edsica.<\/p>\n\t\t\t\t\t\t\t\t<\/div>\n\t\t\t\t<\/div>\n\t\t\t\t<div class=\"elementor-element elementor-element-3c1bd82 elementor-widget elementor-widget-image\" data-id=\"3c1bd82\" data-element_type=\"widget\" data-widget_type=\"image.default\">\n\t\t\t\t<div class=\"elementor-widget-container\">\n\t\t\t\t\t\t\t\t\t\t\t\t\t\t\t<img fetchpriority=\"high\" decoding=\"async\" width=\"243\" height=\"300\" src=\"https:\/\/www.fisioibt.com\/wp-content\/uploads\/2024\/05\/fisioterapia-243x300.jpg\" class=\"attachment-medium size-medium wp-image-495\" alt=\"\" srcset=\"https:\/\/www.fisioibt.com\/wp-content\/uploads\/2024\/05\/fisioterapia-243x300.jpg 243w, https:\/\/www.fisioibt.com\/wp-content\/uploads\/2024\/05\/fisioterapia.jpg 340w\" sizes=\"(max-width: 243px) 100vw, 243px\" \/>\t\t\t\t\t\t\t\t\t\t\t\t\t\t\t<\/div>\n\t\t\t\t<\/div>\n\t\t\t\t<\/div>\n\t\t\t\t\t<\/div>\n\t\t\t\t<\/div>\n\t\t<div class=\"elementor-element elementor-element-6ee70a4e e-flex e-con-boxed elementor-invisible e-con e-parent\" data-id=\"6ee70a4e\" data-element_type=\"container\" data-settings=\"{&quot;animation&quot;:&quot;fadeInUp&quot;}\">\n\t\t\t\t\t<div class=\"e-con-inner\">\n\t\t<div class=\"elementor-element elementor-element-2dbacdea e-con-full e-flex e-con e-child\" data-id=\"2dbacdea\" data-element_type=\"container\">\n\t\t\t\t<div class=\"elementor-element elementor-element-77a8c998 elementor-widget elementor-widget-heading\" data-id=\"77a8c998\" data-element_type=\"widget\" data-widget_type=\"heading.default\">\n\t\t\t\t<div class=\"elementor-widget-container\">\n\t\t\t\t\t<h3 class=\"elementor-heading-title elementor-size-default\">Fisioterapia deportiva<\/h3>\t\t\t\t<\/div>\n\t\t\t\t<\/div>\n\t\t\t\t<div class=\"elementor-element elementor-element-1f2b1d3e elementor-widget elementor-widget-text-editor\" data-id=\"1f2b1d3e\" data-element_type=\"widget\" data-widget_type=\"text-editor.default\">\n\t\t\t\t<div class=\"elementor-widget-container\">\n\t\t\t\t\t\t\t\t\t<p>Optimiza tu rendimiento y previene lesiones con nuestra fisioterapia deportiva en Pineda de Mar. Personalizada para atletas de todos los niveles, nuestra terapia ayuda a mejorar la movilidad, fortalecer m\u00fasculos clave y acelerar su recuperaci\u00f3n. \u00a1Haz que tu cuerpo est\u00e9 al m\u00e1ximo con nuestra atenci\u00f3n especializada!<\/p>\n\t\t\t\t\t\t\t\t<\/div>\n\t\t\t\t<\/div>\n\t\t\t\t<\/div>\n\t\t<div class=\"elementor-element elementor-element-5e3e5cf6 e-con-full e-flex e-con e-child\" data-id=\"5e3e5cf6\" data-element_type=\"container\">\n\t\t\t\t<div class=\"elementor-element elementor-element-78c9f80f elementor-widget elementor-widget-heading\" data-id=\"78c9f80f\" data-element_type=\"widget\" data-widget_type=\"heading.default\">\n\t\t\t\t<div class=\"elementor-widget-container\">\n\t\t\t\t\t<h3 class=\"elementor-heading-title elementor-size-default\">Rehabilitaci\u00f3n<\/h3>\t\t\t\t<\/div>\n\t\t\t\t<\/div>\n\t\t\t\t<div class=\"elementor-element elementor-element-287c92f7 elementor-widget elementor-widget-text-editor\" data-id=\"287c92f7\" data-element_type=\"widget\" data-widget_type=\"text-editor.default\">\n\t\t\t\t<div class=\"elementor-widget-container\">\n\t\t\t\t\t\t\t\t\t<p>Una buena rehabilitaci\u00f3n es el \u00fanico camino hacia la completa recuperaci\u00f3n. Con enfoque personalizado utilizamos t\u00e9cnicas avanzadas para restaurar la funcionalidad y aliviar el dolor. \u00a1Recup\u00e9rate con confianza y comodidad, contacta con nosotros hoy para iniciar tu viaje hacia una vida sin limitaciones!<\/p>\n\t\t\t\t\t\t\t\t<\/div>\n\t\t\t\t<\/div>\n\t\t\t\t<\/div>\n\t\t<div class=\"elementor-element elementor-element-7ea325f5 e-con-full e-flex e-con e-child\" data-id=\"7ea325f5\" data-element_type=\"container\">\n\t\t\t\t<div class=\"elementor-element elementor-element-7a65e87c elementor-widget elementor-widget-heading\" data-id=\"7a65e87c\" data-element_type=\"widget\" data-widget_type=\"heading.default\">\n\t\t\t\t<div class=\"elementor-widget-container\">\n\t\t\t\t\t<h3 class=\"elementor-heading-title elementor-size-default\">Tratamiento del dolor<\/h3>\t\t\t\t<\/div>\n\t\t\t\t<\/div>\n\t\t\t\t<div class=\"elementor-element elementor-element-39df56c4 elementor-widget elementor-widget-text-editor\" data-id=\"39df56c4\" data-element_type=\"widget\" data-widget_type=\"text-editor.default\">\n\t\t\t\t<div class=\"elementor-widget-container\">\n\t\t\t\t\t\t\t\t\t<p>Alivia tu dolor y mejora tu calidad de vida con nuestro tratamiento del dolor en Pineda de Mar. Ofrecemos soluciones personalizadas para abordar la causa subyacente del dolor. \u00a1Recupera tu bienestar y disfruta de una vida sin limitaciones, contacta con nosotros para obtener alivio hoy mismo!<\/p>\n\t\t\t\t\t\t\t\t<\/div>\n\t\t\t\t<\/div>\n\t\t\t\t<\/div>\n\t\t\t\t\t<\/div>\n\t\t\t\t<\/div>\n\t\t<div class=\"elementor-element elementor-element-e6ea2f4 e-flex e-con-boxed elementor-invisible e-con e-parent\" data-id=\"e6ea2f4\" data-element_type=\"container\" data-settings=\"{&quot;animation&quot;:&quot;fadeInUp&quot;}\">\n\t\t\t\t\t<div class=\"e-con-inner\">\n\t\t<div class=\"elementor-element elementor-element-79142f3 e-con-full e-flex e-con e-child\" data-id=\"79142f3\" data-element_type=\"container\">\n\t\t\t\t<div class=\"elementor-element elementor-element-7c6252c elementor-widget elementor-widget-image\" data-id=\"7c6252c\" data-element_type=\"widget\" data-widget_type=\"image.default\">\n\t\t\t\t<div class=\"elementor-widget-container\">\n\t\t\t\t\t\t\t\t\t\t\t\t\t\t\t<img decoding=\"async\" src=\"https:\/\/www.fisioibt.com\/wp-content\/uploads\/elementor\/thumbs\/epi2-qovnkgyftuycyb2164vjgczafdrfg9gy95n9xysskg.jpg\" title=\"epi2\" alt=\"epi2\" loading=\"lazy\" \/>\t\t\t\t\t\t\t\t\t\t\t\t\t\t\t<\/div>\n\t\t\t\t<\/div>\n\t\t\t\t<\/div>\n\t\t<div class=\"elementor-element elementor-element-f274410 e-con-full e-flex e-con e-child\" data-id=\"f274410\" data-element_type=\"container\">\n\t\t\t\t<div class=\"elementor-element elementor-element-561f88a elementor-widget elementor-widget-image\" data-id=\"561f88a\" data-element_type=\"widget\" data-widget_type=\"image.default\">\n\t\t\t\t<div class=\"elementor-widget-container\">\n\t\t\t\t\t\t\t\t\t\t\t\t\t\t\t<img decoding=\"async\" src=\"https:\/\/www.fisioibt.com\/wp-content\/uploads\/elementor\/thumbs\/epi4-1-qovnu8i2twblkgve5cu0cw9olhmpf28k9hmvfgbjxc.jpg\" title=\"epi4\" alt=\"epi4\" loading=\"lazy\" \/>\t\t\t\t\t\t\t\t\t\t\t\t\t\t\t<\/div>\n\t\t\t\t<\/div>\n\t\t\t\t<\/div>\n\t\t\t\t\t<\/div>\n\t\t\t\t<\/div>\n\t\t<div class=\"elementor-element elementor-element-485eb95 e-con-full e-flex e-con e-parent\" data-id=\"485eb95\" data-element_type=\"container\" data-settings=\"{&quot;background_background&quot;:&quot;classic&quot;}\">\n\t\t<div class=\"elementor-element elementor-element-390da13a e-con-full e-flex e-con e-child\" data-id=\"390da13a\" data-element_type=\"container\" data-settings=\"{&quot;background_background&quot;:&quot;classic&quot;}\">\n\t\t\t\t<div class=\"elementor-element elementor-element-6e592ea4 elementor-hidden-desktop elementor-hidden-tablet elementor-widget elementor-widget-image\" data-id=\"6e592ea4\" data-element_type=\"widget\" data-widget_type=\"image.default\">\n\t\t\t\t<div class=\"elementor-widget-container\">\n\t\t\t\t\t\t\t\t\t\t\t\t\t\t\t<img decoding=\"async\" src=\"https:\/\/www.fisioibt.com\/wp-content\/uploads\/elementor\/thumbs\/shutterstock_1999159376-qorin0d3ehio5gvlc44cqt1adlpxk3uc4e0c2mahls.jpg\" title=\"Physical,Therapist,Gives,Resistance,Band,Exercises.,About,The,Arms,And\" alt=\"Physical therapist gives resistance band exercises. About the arms and shoulders of male office workers, office syndrome, male patient. Physiotherapy concept.\" loading=\"lazy\" \/>\t\t\t\t\t\t\t\t\t\t\t\t\t\t\t<\/div>\n\t\t\t\t<\/div>\n\t\t\t\t<\/div>\n\t\t<div class=\"elementor-element elementor-element-26e444fc e-con-full e-flex e-con e-child\" data-id=\"26e444fc\" data-element_type=\"container\">\n\t\t\t\t<div class=\"elementor-element elementor-element-5242a983 elementor-widget-divider--view-line elementor-widget elementor-widget-divider\" data-id=\"5242a983\" data-element_type=\"widget\" data-widget_type=\"divider.default\">\n\t\t\t\t<div class=\"elementor-widget-container\">\n\t\t\t\t\t\t\t<div class=\"elementor-divider\">\n\t\t\t<span class=\"elementor-divider-separator\">\n\t\t\t\t\t\t<\/span>\n\t\t<\/div>\n\t\t\t\t\t\t<\/div>\n\t\t\t\t<\/div>\n\t\t\t\t<div class=\"elementor-element elementor-element-2882cc21 elementor-widget elementor-widget-heading\" data-id=\"2882cc21\" data-element_type=\"widget\" data-widget_type=\"heading.default\">\n\t\t\t\t<div class=\"elementor-widget-container\">\n\t\t\t\t\t<h2 class=\"elementor-heading-title elementor-size-default\">Visitas a domicilio<\/h2>\t\t\t\t<\/div>\n\t\t\t\t<\/div>\n\t\t\t\t<div class=\"elementor-element elementor-element-89af7d4 elementor-widget elementor-widget-text-editor\" data-id=\"89af7d4\" data-element_type=\"widget\" data-widget_type=\"text-editor.default\">\n\t\t\t\t<div class=\"elementor-widget-container\">\n\t\t\t\t\t\t\t\t\t<p>Tambi\u00e9n contamos con tratamientos de fisioterapia y rehabilitaci\u00f3n a domicilio en Pineda de Mar. Desde terapia manual a ejercicios terap\u00e9uticos personalizados, adaptamos nuestros servicios a tus necesidades espec\u00edficas para ayudarte a recuperarte de lesiones, aliviar el dolor y mejorar tu movilidad.<\/p>\n<p>No dejes que las limitaciones de transporte le detengan en tu camino hacia la recuperaci\u00f3n. \u00a1Contacta hoy mismo para programar una visita y darle el primer paso hacia una vida sin dolor!<\/p>\n\t\t\t\t\t\t\t\t<\/div>\n\t\t\t\t<\/div>\n\t\t\t\t<\/div>\n\t\t\t\t<\/div>\n\t\t\t\t<\/div>\n\t\t","protected":false},"excerpt":{"rendered":"<p>Fisioterapeuta en Pineda de Mar Es una disciplina de la salud que proporciona tratamiento terap\u00e9utico mediante agentes f\u00edsicos. Por tanto, la fisioterapia es la ciencia del tratamiento por medio del ejercicio terap\u00e9utico, calor, fr\u00edo, luz, agua, masaje, electricidad&#8230; Adem\u00e1s, la fisioterapia incluye la ejecuci\u00f3n de pruebas el\u00e9ctricas y manuales para determinar el valor de la [&hellip;]<\/p>\n","protected":false},"author":1,"featured_media":0,"parent":0,"menu_order":0,"comment_status":"closed","ping_status":"closed","template":"elementor_header_footer","meta":{"_acf_changed":false,"footnotes":""},"class_list":["post-441","page","type-page","status-publish","hentry"],"acf":[],"yoast_head":"<!-- This site is optimized with the Yoast SEO plugin v26.8 - https:\/\/yoast.com\/product\/yoast-seo-wordpress\/ -->\n<title>Fisioterapia y Rehabilitaci\u00f3n - Fisio IBT<\/title>\n<meta name=\"description\" content=\"La fisioterapia es la ciencia del tratamiento por medio del ejercicio terap\u00e9utico, calor, fr\u00edo, luz, agua, masaje, electricidad\u2026\" \/>\n<meta name=\"robots\" content=\"index, follow, max-snippet:-1, max-image-preview:large, max-video-preview:-1\" \/>\n<link rel=\"canonical\" href=\"https:\/\/www.fisioibt.com\/es\/fisioterapia-y-rehabilitacion\/\" \/>\n<meta property=\"og:locale\" content=\"es_ES\" \/>\n<meta property=\"og:type\" content=\"article\" \/>\n<meta property=\"og:title\" content=\"Fisioterapia y Rehabilitaci\u00f3n - Fisio IBT\" \/>\n<meta property=\"og:description\" content=\"La fisioterapia es la ciencia del tratamiento por medio del ejercicio terap\u00e9utico, calor, fr\u00edo, luz, agua, masaje, electricidad\u2026\" \/>\n<meta property=\"og:url\" content=\"https:\/\/www.fisioibt.com\/es\/fisioterapia-y-rehabilitacion\/\" \/>\n<meta property=\"og:site_name\" content=\"Fisio IBT\" \/>\n<meta property=\"article:modified_time\" content=\"2024-05-29T15:05:00+00:00\" \/>\n<meta property=\"og:image\" content=\"https:\/\/www.fisioibt.com\/wp-content\/uploads\/2024\/05\/fisioterapia-243x300.jpg\" \/>\n<meta name=\"twitter:card\" content=\"summary_large_image\" \/>\n<meta name=\"twitter:label1\" content=\"Tiempo de lectura\" \/>\n\t<meta name=\"twitter:data1\" content=\"2 minutos\" \/>\n<script type=\"application\/ld+json\" class=\"yoast-schema-graph\">{\"@context\":\"https:\/\/schema.org\",\"@graph\":[{\"@type\":\"WebPage\",\"@id\":\"https:\/\/www.fisioibt.com\/es\/fisioterapia-y-rehabilitacion\/\",\"url\":\"https:\/\/www.fisioibt.com\/es\/fisioterapia-y-rehabilitacion\/\",\"name\":\"Fisioterapia y Rehabilitaci\u00f3n - Fisio IBT\",\"isPartOf\":{\"@id\":\"https:\/\/www.fisioibt.com\/es\/#website\"},\"primaryImageOfPage\":{\"@id\":\"https:\/\/www.fisioibt.com\/es\/fisioterapia-y-rehabilitacion\/#primaryimage\"},\"image\":{\"@id\":\"https:\/\/www.fisioibt.com\/es\/fisioterapia-y-rehabilitacion\/#primaryimage\"},\"thumbnailUrl\":\"https:\/\/www.fisioibt.com\/wp-content\/uploads\/2024\/05\/fisioterapia-243x300.jpg\",\"datePublished\":\"2024-04-16T16:27:10+00:00\",\"dateModified\":\"2024-05-29T15:05:00+00:00\",\"description\":\"La fisioterapia es la ciencia del tratamiento por medio del ejercicio terap\u00e9utico, calor, fr\u00edo, luz, agua, masaje, electricidad\u2026\",\"breadcrumb\":{\"@id\":\"https:\/\/www.fisioibt.com\/es\/fisioterapia-y-rehabilitacion\/#breadcrumb\"},\"inLanguage\":\"es\",\"potentialAction\":[{\"@type\":\"ReadAction\",\"target\":[\"https:\/\/www.fisioibt.com\/es\/fisioterapia-y-rehabilitacion\/\"]}]},{\"@type\":\"ImageObject\",\"inLanguage\":\"es\",\"@id\":\"https:\/\/www.fisioibt.com\/es\/fisioterapia-y-rehabilitacion\/#primaryimage\",\"url\":\"https:\/\/www.fisioibt.com\/wp-content\/uploads\/2024\/05\/fisioterapia-243x300.jpg\",\"contentUrl\":\"https:\/\/www.fisioibt.com\/wp-content\/uploads\/2024\/05\/fisioterapia-243x300.jpg\"},{\"@type\":\"BreadcrumbList\",\"@id\":\"https:\/\/www.fisioibt.com\/es\/fisioterapia-y-rehabilitacion\/#breadcrumb\",\"itemListElement\":[{\"@type\":\"ListItem\",\"position\":1,\"name\":\"Inici\",\"item\":\"https:\/\/www.fisioibt.com\/es\/inicio\/\"},{\"@type\":\"ListItem\",\"position\":2,\"name\":\"Fisioterapia y Rehabilitaci\u00f3n\"}]},{\"@type\":\"WebSite\",\"@id\":\"https:\/\/www.fisioibt.com\/es\/#website\",\"url\":\"https:\/\/www.fisioibt.com\/es\/\",\"name\":\"Fisio IBT\",\"description\":\"Centre de fisioter\u00e0pia, rehabilitaci\u00f3 i acupuntura a Pineda de Mar\",\"potentialAction\":[{\"@type\":\"SearchAction\",\"target\":{\"@type\":\"EntryPoint\",\"urlTemplate\":\"https:\/\/www.fisioibt.com\/es\/?s={search_term_string}\"},\"query-input\":{\"@type\":\"PropertyValueSpecification\",\"valueRequired\":true,\"valueName\":\"search_term_string\"}}],\"inLanguage\":\"es\"}]}<\/script>\n<!-- \/ Yoast SEO plugin. -->","yoast_head_json":{"title":"Fisioterapia y Rehabilitaci\u00f3n - Fisio IBT","description":"La fisioterapia es la ciencia del tratamiento por medio del ejercicio terap\u00e9utico, calor, fr\u00edo, luz, agua, masaje, electricidad\u2026","robots":{"index":"index","follow":"follow","max-snippet":"max-snippet:-1","max-image-preview":"max-image-preview:large","max-video-preview":"max-video-preview:-1"},"canonical":"https:\/\/www.fisioibt.com\/es\/fisioterapia-y-rehabilitacion\/","og_locale":"es_ES","og_type":"article","og_title":"Fisioterapia y Rehabilitaci\u00f3n - Fisio IBT","og_description":"La fisioterapia es la ciencia del tratamiento por medio del ejercicio terap\u00e9utico, calor, fr\u00edo, luz, agua, masaje, electricidad\u2026","og_url":"https:\/\/www.fisioibt.com\/es\/fisioterapia-y-rehabilitacion\/","og_site_name":"Fisio IBT","article_modified_time":"2024-05-29T15:05:00+00:00","og_image":[{"url":"https:\/\/www.fisioibt.com\/wp-content\/uploads\/2024\/05\/fisioterapia-243x300.jpg","type":"","width":"","height":""}],"twitter_card":"summary_large_image","twitter_misc":{"Tiempo de lectura":"2 minutos"},"schema":{"@context":"https:\/\/schema.org","@graph":[{"@type":"WebPage","@id":"https:\/\/www.fisioibt.com\/es\/fisioterapia-y-rehabilitacion\/","url":"https:\/\/www.fisioibt.com\/es\/fisioterapia-y-rehabilitacion\/","name":"Fisioterapia y Rehabilitaci\u00f3n - Fisio IBT","isPartOf":{"@id":"https:\/\/www.fisioibt.com\/es\/#website"},"primaryImageOfPage":{"@id":"https:\/\/www.fisioibt.com\/es\/fisioterapia-y-rehabilitacion\/#primaryimage"},"image":{"@id":"https:\/\/www.fisioibt.com\/es\/fisioterapia-y-rehabilitacion\/#primaryimage"},"thumbnailUrl":"https:\/\/www.fisioibt.com\/wp-content\/uploads\/2024\/05\/fisioterapia-243x300.jpg","datePublished":"2024-04-16T16:27:10+00:00","dateModified":"2024-05-29T15:05:00+00:00","description":"La fisioterapia es la ciencia del tratamiento por medio del ejercicio terap\u00e9utico, calor, fr\u00edo, luz, agua, masaje, electricidad\u2026","breadcrumb":{"@id":"https:\/\/www.fisioibt.com\/es\/fisioterapia-y-rehabilitacion\/#breadcrumb"},"inLanguage":"es","potentialAction":[{"@type":"ReadAction","target":["https:\/\/www.fisioibt.com\/es\/fisioterapia-y-rehabilitacion\/"]}]},{"@type":"ImageObject","inLanguage":"es","@id":"https:\/\/www.fisioibt.com\/es\/fisioterapia-y-rehabilitacion\/#primaryimage","url":"https:\/\/www.fisioibt.com\/wp-content\/uploads\/2024\/05\/fisioterapia-243x300.jpg","contentUrl":"https:\/\/www.fisioibt.com\/wp-content\/uploads\/2024\/05\/fisioterapia-243x300.jpg"},{"@type":"BreadcrumbList","@id":"https:\/\/www.fisioibt.com\/es\/fisioterapia-y-rehabilitacion\/#breadcrumb","itemListElement":[{"@type":"ListItem","position":1,"name":"Inici","item":"https:\/\/www.fisioibt.com\/es\/inicio\/"},{"@type":"ListItem","position":2,"name":"Fisioterapia y Rehabilitaci\u00f3n"}]},{"@type":"WebSite","@id":"https:\/\/www.fisioibt.com\/es\/#website","url":"https:\/\/www.fisioibt.com\/es\/","name":"Fisio IBT","description":"Centre de fisioter\u00e0pia, rehabilitaci\u00f3 i acupuntura a Pineda de Mar","potentialAction":[{"@type":"SearchAction","target":{"@type":"EntryPoint","urlTemplate":"https:\/\/www.fisioibt.com\/es\/?s={search_term_string}"},"query-input":{"@type":"PropertyValueSpecification","valueRequired":true,"valueName":"search_term_string"}}],"inLanguage":"es"}]}},"_links":{"self":[{"href":"https:\/\/www.fisioibt.com\/es\/wp-json\/wp\/v2\/pages\/441","targetHints":{"allow":["GET"]}}],"collection":[{"href":"https:\/\/www.fisioibt.com\/es\/wp-json\/wp\/v2\/pages"}],"about":[{"href":"https:\/\/www.fisioibt.com\/es\/wp-json\/wp\/v2\/types\/page"}],"author":[{"embeddable":true,"href":"https:\/\/www.fisioibt.com\/es\/wp-json\/wp\/v2\/users\/1"}],"replies":[{"embeddable":true,"href":"https:\/\/www.fisioibt.com\/es\/wp-json\/wp\/v2\/comments?post=441"}],"version-history":[{"count":4,"href":"https:\/\/www.fisioibt.com\/es\/wp-json\/wp\/v2\/pages\/441\/revisions"}],"predecessor-version":[{"id":511,"href":"https:\/\/www.fisioibt.com\/es\/wp-json\/wp\/v2\/pages\/441\/revisions\/511"}],"wp:attachment":[{"href":"https:\/\/www.fisioibt.com\/es\/wp-json\/wp\/v2\/media?parent=441"}],"curies":[{"name":"wp","href":"https:\/\/api.w.org\/{rel}","templated":true}]}}