{"id":443,"date":"2024-04-16T18:30:28","date_gmt":"2024-04-16T16:30:28","guid":{"rendered":"https:\/\/www.fisioibt.com\/donde-estamos\/"},"modified":"2024-05-29T06:29:34","modified_gmt":"2024-05-29T04:29:34","slug":"donde-estamos","status":"publish","type":"page","link":"https:\/\/www.fisioibt.com\/es\/donde-estamos\/","title":{"rendered":"D\u00f3nde estamos"},"content":{"rendered":"\t\t<div data-elementor-type=\"wp-page\" data-elementor-id=\"443\" class=\"elementor elementor-443 elementor-21\" data-elementor-post-type=\"page\">\n\t\t\t\t<div class=\"elementor-element elementor-element-6e27f5bf e-flex e-con-boxed e-con e-parent\" data-id=\"6e27f5bf\" data-element_type=\"container\" data-settings=\"{&quot;background_background&quot;:&quot;classic&quot;}\">\n\t\t\t\t\t<div class=\"e-con-inner\">\n\t\t<div class=\"elementor-element elementor-element-3e903a08 e-con-full e-flex e-con e-child\" data-id=\"3e903a08\" data-element_type=\"container\">\n\t\t\t\t<div class=\"elementor-element elementor-element-3297263a elementor-widget elementor-widget-heading\" data-id=\"3297263a\" data-element_type=\"widget\" data-widget_type=\"heading.default\">\n\t\t\t\t<div class=\"elementor-widget-container\">\n\t\t\t\t\t<h1 class=\"elementor-heading-title elementor-size-default\">D\u00f3nde estamos<\/h1>\t\t\t\t<\/div>\n\t\t\t\t<\/div>\n\t\t\t\t<\/div>\n\t\t<div class=\"elementor-element elementor-element-5e065d17 e-con-full e-flex e-con e-child\" data-id=\"5e065d17\" data-element_type=\"container\">\n\t\t\t\t<\/div>\n\t\t\t\t\t<\/div>\n\t\t\t\t<\/div>\n\t\t<div class=\"elementor-element elementor-element-637be18e e-flex e-con-boxed e-con e-parent\" data-id=\"637be18e\" data-element_type=\"container\">\n\t\t\t\t\t<div class=\"e-con-inner\">\n\t\t<div class=\"elementor-element elementor-element-772cbabf e-con-full e-flex e-con e-child\" data-id=\"772cbabf\" data-element_type=\"container\">\n\t\t\t\t<div class=\"elementor-element elementor-element-2907730a elementor-widget-divider--view-line elementor-widget elementor-widget-divider\" data-id=\"2907730a\" data-element_type=\"widget\" data-widget_type=\"divider.default\">\n\t\t\t\t<div class=\"elementor-widget-container\">\n\t\t\t\t\t\t\t<div class=\"elementor-divider\">\n\t\t\t<span class=\"elementor-divider-separator\">\n\t\t\t\t\t\t<\/span>\n\t\t<\/div>\n\t\t\t\t\t\t<\/div>\n\t\t\t\t<\/div>\n\t\t\t\t<div class=\"elementor-element elementor-element-3ea156c3 elementor-widget elementor-widget-heading\" data-id=\"3ea156c3\" data-element_type=\"widget\" data-widget_type=\"heading.default\">\n\t\t\t\t<div class=\"elementor-widget-container\">\n\t\t\t\t\t<h2 class=\"elementor-heading-title elementor-size-default\">C\u00f3mo llegar<\/h2>\t\t\t\t<\/div>\n\t\t\t\t<\/div>\n\t\t\t\t<\/div>\n\t\t<div class=\"elementor-element elementor-element-1876ed80 e-con-full e-flex e-con e-child\" data-id=\"1876ed80\" data-element_type=\"container\">\n\t\t\t\t<div class=\"elementor-element elementor-element-e9c0690 elementor-widget elementor-widget-text-editor\" data-id=\"e9c0690\" data-element_type=\"widget\" data-widget_type=\"text-editor.default\">\n\t\t\t\t<div class=\"elementor-widget-container\">\n\t\t\t\t\t\t\t\t\t<p><strong>Localizaci\u00f3n:<\/strong> El centro de fisioterapia se encuentra en el mismo centro de la poblaci\u00f3n de Pineda de Mar, a 100 <span class=\"hiddenGrammarError\">m<\/span>. del ayuntamiento, a 50 <span class=\"hiddenGrammarError\">m<\/span>. de la plaza de las Melias.<\/p>\n<p><strong>Facilidad de aparcamiento:<\/strong> Todo el sector dispone de aparcamiento horario, lo que facilita el tr\u00e1fico y disponibilidad de espacio.<\/p>\n<p><strong>Accesos:<\/strong> De f\u00e1cil acceso desde la misma carretera N-II por ser una calle paralela a la misma y desde la estaci\u00f3n de tren (Renfe).<\/p>\n\t\t\t\t\t\t\t\t<\/div>\n\t\t\t\t<\/div>\n\t\t\t\t<\/div>\n\t\t\t\t\t<\/div>\n\t\t\t\t<\/div>\n\t\t<div class=\"elementor-element elementor-element-8c43674 e-con-full e-flex e-con e-parent\" data-id=\"8c43674\" data-element_type=\"container\">\n\t\t\t\t<div class=\"elementor-element elementor-element-5658938 elementor-widget elementor-widget-google_maps\" data-id=\"5658938\" data-element_type=\"widget\" data-widget_type=\"google_maps.default\">\n\t\t\t\t<div class=\"elementor-widget-container\">\n\t\t\t\t\t\t\t<div class=\"elementor-custom-embed\">\n\t\t\t<iframe loading=\"lazy\"\n\t\t\t\t\tsrc=\"https:\/\/maps.google.com\/maps?q=FISIO%20IBT&#038;t=m&#038;z=10&#038;output=embed&#038;iwloc=near\"\n\t\t\t\t\ttitle=\"FISIO IBT\"\n\t\t\t\t\taria-label=\"FISIO IBT\"\n\t\t\t><\/iframe>\n\t\t<\/div>\n\t\t\t\t\t\t<\/div>\n\t\t\t\t<\/div>\n\t\t\t\t<\/div>\n\t\t\t\t<\/div>\n\t\t","protected":false},"excerpt":{"rendered":"<p>C\u00f3mo llegar Localizaci\u00f3n: El centro de fisioterapia se encuentra en el mismo centro de la poblaci\u00f3n de Pineda de Mar, a 100 m. del ayuntamiento, a 50 m. de la plaza de las Melias. Facilidad de aparcamiento: Todo el sector dispone de aparcamiento horario, lo que facilita el tr\u00e1fico y disponibilidad de espacio. Accesos: De [&hellip;]<\/p>\n","protected":false},"author":1,"featured_media":0,"parent":0,"menu_order":0,"comment_status":"closed","ping_status":"closed","template":"elementor_header_footer","meta":{"_acf_changed":false,"footnotes":""},"class_list":["post-443","page","type-page","status-publish","hentry"],"acf":[],"yoast_head":"<!-- This site is optimized with the Yoast SEO plugin v26.8 - https:\/\/yoast.com\/product\/yoast-seo-wordpress\/ -->\n<title>D\u00f3nde estamos - Fisio IBT<\/title>\n<meta name=\"description\" content=\"El centro de fisioterapia se encuentra en el mismo centro de Pineda de Mar, a 100 metros. del ayuntamiento, a 50 m. de la plaza de las Melias.\" \/>\n<meta name=\"robots\" content=\"index, follow, max-snippet:-1, max-image-preview:large, max-video-preview:-1\" \/>\n<link rel=\"canonical\" href=\"https:\/\/www.fisioibt.com\/es\/donde-estamos\/\" \/>\n<meta property=\"og:locale\" content=\"es_ES\" \/>\n<meta property=\"og:type\" content=\"article\" \/>\n<meta property=\"og:title\" content=\"D\u00f3nde estamos - Fisio IBT\" \/>\n<meta property=\"og:description\" content=\"El centro de fisioterapia se encuentra en el mismo centro de Pineda de Mar, a 100 metros. del ayuntamiento, a 50 m. de la plaza de las Melias.\" \/>\n<meta property=\"og:url\" content=\"https:\/\/www.fisioibt.com\/es\/donde-estamos\/\" \/>\n<meta property=\"og:site_name\" content=\"Fisio IBT\" \/>\n<meta property=\"article:modified_time\" content=\"2024-05-29T04:29:34+00:00\" \/>\n<meta property=\"og:image\" content=\"https:\/\/www.fisioibt.com\/wp-content\/uploads\/2025\/05\/fisio-IBT.jpg\" \/>\n\t<meta property=\"og:image:width\" content=\"300\" \/>\n\t<meta property=\"og:image:height\" content=\"300\" \/>\n\t<meta property=\"og:image:type\" content=\"image\/jpeg\" \/>\n<meta name=\"twitter:card\" content=\"summary_large_image\" \/>\n<script type=\"application\/ld+json\" class=\"yoast-schema-graph\">{\"@context\":\"https:\/\/schema.org\",\"@graph\":[{\"@type\":\"WebPage\",\"@id\":\"https:\/\/www.fisioibt.com\/es\/donde-estamos\/\",\"url\":\"https:\/\/www.fisioibt.com\/es\/donde-estamos\/\",\"name\":\"D\u00f3nde estamos - Fisio IBT\",\"isPartOf\":{\"@id\":\"https:\/\/www.fisioibt.com\/es\/#website\"},\"datePublished\":\"2024-04-16T16:30:28+00:00\",\"dateModified\":\"2024-05-29T04:29:34+00:00\",\"description\":\"El centro de fisioterapia se encuentra en el mismo centro de Pineda de Mar, a 100 metros. del ayuntamiento, a 50 m. de la plaza de las Melias.\",\"breadcrumb\":{\"@id\":\"https:\/\/www.fisioibt.com\/es\/donde-estamos\/#breadcrumb\"},\"inLanguage\":\"es\",\"potentialAction\":[{\"@type\":\"ReadAction\",\"target\":[\"https:\/\/www.fisioibt.com\/es\/donde-estamos\/\"]}]},{\"@type\":\"BreadcrumbList\",\"@id\":\"https:\/\/www.fisioibt.com\/es\/donde-estamos\/#breadcrumb\",\"itemListElement\":[{\"@type\":\"ListItem\",\"position\":1,\"name\":\"Inici\",\"item\":\"https:\/\/www.fisioibt.com\/es\/inicio\/\"},{\"@type\":\"ListItem\",\"position\":2,\"name\":\"D\u00f3nde estamos\"}]},{\"@type\":\"WebSite\",\"@id\":\"https:\/\/www.fisioibt.com\/es\/#website\",\"url\":\"https:\/\/www.fisioibt.com\/es\/\",\"name\":\"Fisio IBT\",\"description\":\"Centre de fisioter\u00e0pia, rehabilitaci\u00f3 i acupuntura a Pineda de Mar\",\"potentialAction\":[{\"@type\":\"SearchAction\",\"target\":{\"@type\":\"EntryPoint\",\"urlTemplate\":\"https:\/\/www.fisioibt.com\/es\/?s={search_term_string}\"},\"query-input\":{\"@type\":\"PropertyValueSpecification\",\"valueRequired\":true,\"valueName\":\"search_term_string\"}}],\"inLanguage\":\"es\"}]}<\/script>\n<!-- \/ Yoast SEO plugin. -->","yoast_head_json":{"title":"D\u00f3nde estamos - Fisio IBT","description":"El centro de fisioterapia se encuentra en el mismo centro de Pineda de Mar, a 100 metros. del ayuntamiento, a 50 m. de la plaza de las Melias.","robots":{"index":"index","follow":"follow","max-snippet":"max-snippet:-1","max-image-preview":"max-image-preview:large","max-video-preview":"max-video-preview:-1"},"canonical":"https:\/\/www.fisioibt.com\/es\/donde-estamos\/","og_locale":"es_ES","og_type":"article","og_title":"D\u00f3nde estamos - Fisio IBT","og_description":"El centro de fisioterapia se encuentra en el mismo centro de Pineda de Mar, a 100 metros. del ayuntamiento, a 50 m. de la plaza de las Melias.","og_url":"https:\/\/www.fisioibt.com\/es\/donde-estamos\/","og_site_name":"Fisio IBT","article_modified_time":"2024-05-29T04:29:34+00:00","og_image":[{"width":300,"height":300,"url":"https:\/\/www.fisioibt.com\/wp-content\/uploads\/2025\/05\/fisio-IBT.jpg","type":"image\/jpeg"}],"twitter_card":"summary_large_image","schema":{"@context":"https:\/\/schema.org","@graph":[{"@type":"WebPage","@id":"https:\/\/www.fisioibt.com\/es\/donde-estamos\/","url":"https:\/\/www.fisioibt.com\/es\/donde-estamos\/","name":"D\u00f3nde estamos - Fisio IBT","isPartOf":{"@id":"https:\/\/www.fisioibt.com\/es\/#website"},"datePublished":"2024-04-16T16:30:28+00:00","dateModified":"2024-05-29T04:29:34+00:00","description":"El centro de fisioterapia se encuentra en el mismo centro de Pineda de Mar, a 100 metros. del ayuntamiento, a 50 m. de la plaza de las Melias.","breadcrumb":{"@id":"https:\/\/www.fisioibt.com\/es\/donde-estamos\/#breadcrumb"},"inLanguage":"es","potentialAction":[{"@type":"ReadAction","target":["https:\/\/www.fisioibt.com\/es\/donde-estamos\/"]}]},{"@type":"BreadcrumbList","@id":"https:\/\/www.fisioibt.com\/es\/donde-estamos\/#breadcrumb","itemListElement":[{"@type":"ListItem","position":1,"name":"Inici","item":"https:\/\/www.fisioibt.com\/es\/inicio\/"},{"@type":"ListItem","position":2,"name":"D\u00f3nde estamos"}]},{"@type":"WebSite","@id":"https:\/\/www.fisioibt.com\/es\/#website","url":"https:\/\/www.fisioibt.com\/es\/","name":"Fisio IBT","description":"Centre de fisioter\u00e0pia, rehabilitaci\u00f3 i acupuntura a Pineda de Mar","potentialAction":[{"@type":"SearchAction","target":{"@type":"EntryPoint","urlTemplate":"https:\/\/www.fisioibt.com\/es\/?s={search_term_string}"},"query-input":{"@type":"PropertyValueSpecification","valueRequired":true,"valueName":"search_term_string"}}],"inLanguage":"es"}]}},"_links":{"self":[{"href":"https:\/\/www.fisioibt.com\/es\/wp-json\/wp\/v2\/pages\/443","targetHints":{"allow":["GET"]}}],"collection":[{"href":"https:\/\/www.fisioibt.com\/es\/wp-json\/wp\/v2\/pages"}],"about":[{"href":"https:\/\/www.fisioibt.com\/es\/wp-json\/wp\/v2\/types\/page"}],"author":[{"embeddable":true,"href":"https:\/\/www.fisioibt.com\/es\/wp-json\/wp\/v2\/users\/1"}],"replies":[{"embeddable":true,"href":"https:\/\/www.fisioibt.com\/es\/wp-json\/wp\/v2\/comments?post=443"}],"version-history":[{"count":1,"href":"https:\/\/www.fisioibt.com\/es\/wp-json\/wp\/v2\/pages\/443\/revisions"}],"predecessor-version":[{"id":444,"href":"https:\/\/www.fisioibt.com\/es\/wp-json\/wp\/v2\/pages\/443\/revisions\/444"}],"wp:attachment":[{"href":"https:\/\/www.fisioibt.com\/es\/wp-json\/wp\/v2\/media?parent=443"}],"curies":[{"name":"wp","href":"https:\/\/api.w.org\/{rel}","templated":true}]}}