{"id":445,"date":"2024-04-16T18:23:07","date_gmt":"2024-04-16T16:23:07","guid":{"rendered":"https:\/\/www.fisioibt.com\/sobre-nosotros\/"},"modified":"2024-05-29T06:31:07","modified_gmt":"2024-05-29T04:31:07","slug":"sobre-nosotros","status":"publish","type":"page","link":"https:\/\/www.fisioibt.com\/es\/sobre-nosotros\/","title":{"rendered":"Sobre nosotros"},"content":{"rendered":"\t\t<div data-elementor-type=\"wp-page\" data-elementor-id=\"445\" class=\"elementor elementor-445 elementor-13\" data-elementor-post-type=\"page\">\n\t\t\t\t<div class=\"elementor-element elementor-element-75b0010a e-flex e-con-boxed e-con e-parent\" data-id=\"75b0010a\" data-element_type=\"container\" data-settings=\"{&quot;background_background&quot;:&quot;classic&quot;}\">\n\t\t\t\t\t<div class=\"e-con-inner\">\n\t\t<div class=\"elementor-element elementor-element-7d72f6fc e-con-full e-flex e-con e-child\" data-id=\"7d72f6fc\" data-element_type=\"container\">\n\t\t\t\t<div class=\"elementor-element elementor-element-24aa9d2e elementor-widget elementor-widget-heading\" data-id=\"24aa9d2e\" data-element_type=\"widget\" data-widget_type=\"heading.default\">\n\t\t\t\t<div class=\"elementor-widget-container\">\n\t\t\t\t\t<h1 class=\"elementor-heading-title elementor-size-default\">Sobre nosotros<\/h1>\t\t\t\t<\/div>\n\t\t\t\t<\/div>\n\t\t\t\t<\/div>\n\t\t<div class=\"elementor-element elementor-element-66398c72 e-con-full e-flex e-con e-child\" data-id=\"66398c72\" data-element_type=\"container\">\n\t\t\t\t<\/div>\n\t\t\t\t\t<\/div>\n\t\t\t\t<\/div>\n\t\t<div class=\"elementor-element elementor-element-4c155f0d e-flex e-con-boxed e-con e-parent\" data-id=\"4c155f0d\" data-element_type=\"container\">\n\t\t\t\t\t<div class=\"e-con-inner\">\n\t\t<div class=\"elementor-element elementor-element-6259855 e-con-full e-flex e-con e-child\" data-id=\"6259855\" data-element_type=\"container\">\n\t\t\t\t<div class=\"elementor-element elementor-element-6d508d9e elementor-widget-divider--view-line elementor-widget elementor-widget-divider\" data-id=\"6d508d9e\" data-element_type=\"widget\" data-widget_type=\"divider.default\">\n\t\t\t\t<div class=\"elementor-widget-container\">\n\t\t\t\t\t\t\t<div class=\"elementor-divider\">\n\t\t\t<span class=\"elementor-divider-separator\">\n\t\t\t\t\t\t<\/span>\n\t\t<\/div>\n\t\t\t\t\t\t<\/div>\n\t\t\t\t<\/div>\n\t\t\t\t<div class=\"elementor-element elementor-element-4c9fe70 elementor-widget elementor-widget-heading\" data-id=\"4c9fe70\" data-element_type=\"widget\" data-widget_type=\"heading.default\">\n\t\t\t\t<div class=\"elementor-widget-container\">\n\t\t\t\t\t<h2 class=\"elementor-heading-title elementor-size-default\">Dr. Ivan Batet Torrens<br><span>(col. 5910\/111)<\/span><\/h2>\t\t\t\t<\/div>\n\t\t\t\t<\/div>\n\t\t\t\t<\/div>\n\t\t<div class=\"elementor-element elementor-element-779c0f2b e-con-full e-flex e-con e-child\" data-id=\"779c0f2b\" data-element_type=\"container\">\n\t\t\t\t<div class=\"elementor-element elementor-element-24a7bac4 elementor-widget elementor-widget-text-editor\" data-id=\"24a7bac4\" data-element_type=\"widget\" data-widget_type=\"text-editor.default\">\n\t\t\t\t<div class=\"elementor-widget-container\">\n\t\t\t\t\t\t\t\t\t<p>Fisio IBT nace en el a\u00f1o 2006 por su fundador y director m\u00e9dico Dr. Ivan Batet. Ubicada en el centro de Pineda de Mar a poca distancia del ayuntamiento y del \u00e1rea comercial de esta localidad.<\/p>\n<p>Fisio IBT es una cl\u00ednica de fisioterapia, rehabilitaci\u00f3n y acupuntura equipada con la \u00faltima tecnolog\u00eda y equipamiento m\u00e9dico necesario para cumplir con las exigencias de los \u00e1mbitos de medicina f\u00edsica, fisioterapia, rehabilitaci\u00f3n, acupuntura entre otras especialidades.<\/p>\n<p>Dirigida por el Dr. Ivan Batet con m\u00e1s de 20 a\u00f1os de experiencia en el campo de la rehabilitaci\u00f3n y medicina f\u00edsica. Su objetivo es atender, tratar y curar todas las inquietudes y patolog\u00edas que tengan sus pacientes con mejor profesionalidad y aportando un tratamiento espec\u00edfico e individualizado para cada paciente.<\/p>\n\t\t\t\t\t\t\t\t<\/div>\n\t\t\t\t<\/div>\n\t\t\t\t<\/div>\n\t\t\t\t\t<\/div>\n\t\t\t\t<\/div>\n\t\t<div class=\"elementor-element elementor-element-6442f24 e-flex e-con-boxed e-con e-parent\" data-id=\"6442f24\" data-element_type=\"container\">\n\t\t\t\t\t<div class=\"e-con-inner\">\n\t\t<div class=\"elementor-element elementor-element-3310ae6 e-flex e-con-boxed e-con e-child\" data-id=\"3310ae6\" data-element_type=\"container\">\n\t\t\t\t\t<div class=\"e-con-inner\">\n\t\t\t\t<div class=\"elementor-element elementor-element-71e57b0 elementor-widget elementor-widget-gallery\" data-id=\"71e57b0\" data-element_type=\"widget\" data-settings=\"{&quot;columns&quot;:2,&quot;gap&quot;:{&quot;unit&quot;:&quot;px&quot;,&quot;size&quot;:20,&quot;sizes&quot;:[]},&quot;lazyload&quot;:&quot;yes&quot;,&quot;gallery_layout&quot;:&quot;grid&quot;,&quot;columns_tablet&quot;:2,&quot;columns_mobile&quot;:1,&quot;gap_tablet&quot;:{&quot;unit&quot;:&quot;px&quot;,&quot;size&quot;:10,&quot;sizes&quot;:[]},&quot;gap_mobile&quot;:{&quot;unit&quot;:&quot;px&quot;,&quot;size&quot;:10,&quot;sizes&quot;:[]},&quot;link_to&quot;:&quot;file&quot;,&quot;aspect_ratio&quot;:&quot;3:2&quot;,&quot;overlay_background&quot;:&quot;yes&quot;,&quot;content_hover_animation&quot;:&quot;fade-in&quot;}\" data-widget_type=\"gallery.default\">\n\t\t\t\t<div class=\"elementor-widget-container\">\n\t\t\t\t\t\t\t<div class=\"elementor-gallery__container\">\n\t\t\t\t\t\t\t<a class=\"e-gallery-item elementor-gallery-item elementor-animated-content\" href=\"https:\/\/www.fisioibt.com\/wp-content\/uploads\/2024\/04\/gimnas-1.jpg\" data-elementor-open-lightbox=\"yes\" data-elementor-lightbox-slideshow=\"71e57b0\" data-elementor-lightbox-title=\"gimna\u0300s 1\" data-e-action-hash=\"#elementor-action%3Aaction%3Dlightbox%26settings%3DeyJpZCI6MzgyLCJ1cmwiOiJodHRwczpcL1wvd3d3LmZpc2lvaWJ0LmNvbVwvd3AtY29udGVudFwvdXBsb2Fkc1wvMjAyNFwvMDRcL2dpbW5hcy0xLmpwZyIsInNsaWRlc2hvdyI6IjcxZTU3YjAifQ%3D%3D\">\n\t\t\t\t\t<div class=\"e-gallery-image elementor-gallery-item__image\" data-thumbnail=\"https:\/\/www.fisioibt.com\/wp-content\/uploads\/2024\/04\/gimnas-1-768x512.jpg\" data-width=\"768\" data-height=\"512\" aria-label=\"\" role=\"img\" ><\/div>\n\t\t\t\t\t\t\t\t\t\t\t<div class=\"elementor-gallery-item__overlay\"><\/div>\n\t\t\t\t\t\t\t\t\t\t\t\t\t\t<\/a>\n\t\t\t\t\t\t\t<a class=\"e-gallery-item elementor-gallery-item elementor-animated-content\" href=\"https:\/\/www.fisioibt.com\/wp-content\/uploads\/2024\/04\/shutterstock_557352802.jpg\" data-elementor-open-lightbox=\"yes\" data-elementor-lightbox-slideshow=\"71e57b0\" data-elementor-lightbox-title=\"Therapist,Giving,Acupuncture,Treatment,To,A,Japanese,Woman\" data-e-action-hash=\"#elementor-action%3Aaction%3Dlightbox%26settings%3DeyJpZCI6MjAxLCJ1cmwiOiJodHRwczpcL1wvd3d3LmZpc2lvaWJ0LmNvbVwvd3AtY29udGVudFwvdXBsb2Fkc1wvMjAyNFwvMDRcL3NodXR0ZXJzdG9ja181NTczNTI4MDIuanBnIiwic2xpZGVzaG93IjoiNzFlNTdiMCJ9\">\n\t\t\t\t\t<div class=\"e-gallery-image elementor-gallery-item__image\" data-thumbnail=\"https:\/\/www.fisioibt.com\/wp-content\/uploads\/2024\/04\/shutterstock_557352802-768x512.jpg\" data-width=\"768\" data-height=\"512\" aria-label=\"\" role=\"img\" ><\/div>\n\t\t\t\t\t\t\t\t\t\t\t<div class=\"elementor-gallery-item__overlay\"><\/div>\n\t\t\t\t\t\t\t\t\t\t\t\t\t\t<\/a>\n\t\t\t\t\t\t\t<a class=\"e-gallery-item elementor-gallery-item elementor-animated-content\" href=\"https:\/\/www.fisioibt.com\/wp-content\/uploads\/2024\/04\/gimnas2.jpg\" data-elementor-open-lightbox=\"yes\" data-elementor-lightbox-slideshow=\"71e57b0\" data-elementor-lightbox-title=\"gimna\u0300s2\" data-e-action-hash=\"#elementor-action%3Aaction%3Dlightbox%26settings%3DeyJpZCI6MzgzLCJ1cmwiOiJodHRwczpcL1wvd3d3LmZpc2lvaWJ0LmNvbVwvd3AtY29udGVudFwvdXBsb2Fkc1wvMjAyNFwvMDRcL2dpbW5hczIuanBnIiwic2xpZGVzaG93IjoiNzFlNTdiMCJ9\">\n\t\t\t\t\t<div class=\"e-gallery-image elementor-gallery-item__image\" data-thumbnail=\"https:\/\/www.fisioibt.com\/wp-content\/uploads\/2024\/04\/gimnas2-768x512.jpg\" data-width=\"768\" data-height=\"512\" aria-label=\"\" role=\"img\" ><\/div>\n\t\t\t\t\t\t\t\t\t\t\t<div class=\"elementor-gallery-item__overlay\"><\/div>\n\t\t\t\t\t\t\t\t\t\t\t\t\t\t<\/a>\n\t\t\t\t\t\t\t<a class=\"e-gallery-item elementor-gallery-item elementor-animated-content\" href=\"https:\/\/www.fisioibt.com\/wp-content\/uploads\/2024\/05\/20240507_151923.jpg\" data-elementor-open-lightbox=\"yes\" data-elementor-lightbox-slideshow=\"71e57b0\" data-elementor-lightbox-title=\"20240507_151923\" data-e-action-hash=\"#elementor-action%3Aaction%3Dlightbox%26settings%3DeyJpZCI6MzkxLCJ1cmwiOiJodHRwczpcL1wvd3d3LmZpc2lvaWJ0LmNvbVwvd3AtY29udGVudFwvdXBsb2Fkc1wvMjAyNFwvMDVcLzIwMjQwNTA3XzE1MTkyMy5qcGciLCJzbGlkZXNob3ciOiI3MWU1N2IwIn0%3D\">\n\t\t\t\t\t<div class=\"e-gallery-image elementor-gallery-item__image\" data-thumbnail=\"https:\/\/www.fisioibt.com\/wp-content\/uploads\/2024\/05\/20240507_151923-768x512.jpg\" data-width=\"768\" data-height=\"512\" aria-label=\"\" role=\"img\" ><\/div>\n\t\t\t\t\t\t\t\t\t\t\t<div class=\"elementor-gallery-item__overlay\"><\/div>\n\t\t\t\t\t\t\t\t\t\t\t\t\t\t<\/a>\n\t\t\t\t\t<\/div>\n\t\t\t\t\t<\/div>\n\t\t\t\t<\/div>\n\t\t\t\t\t<\/div>\n\t\t\t\t<\/div>\n\t\t\t\t\t<\/div>\n\t\t\t\t<\/div>\n\t\t\t\t<\/div>\n\t\t","protected":false},"excerpt":{"rendered":"<p>Dr. Ivan Batet Torrens(col. 5910\/111) Fisio IBT nace en el a\u00f1o 2006 por su fundador y director m\u00e9dico Dr. Ivan Batet. Ubicada en el centro de Pineda de Mar a poca distancia del ayuntamiento y del \u00e1rea comercial de esta localidad. Fisio IBT es una cl\u00ednica de fisioterapia, rehabilitaci\u00f3n y acupuntura equipada con la \u00faltima [&hellip;]<\/p>\n","protected":false},"author":1,"featured_media":0,"parent":0,"menu_order":0,"comment_status":"closed","ping_status":"closed","template":"elementor_header_footer","meta":{"_acf_changed":false,"footnotes":""},"class_list":["post-445","page","type-page","status-publish","hentry"],"acf":[],"yoast_head":"<!-- This site is optimized with the Yoast SEO plugin v26.8 - https:\/\/yoast.com\/product\/yoast-seo-wordpress\/ -->\n<title>Sobre nosotros - Fisio IBT<\/title>\n<meta name=\"description\" content=\"FISIO IBT esta dirigido por el dr. Ivan Batet con m\u00e1s de 20 a\u00f1os de experiencia en el campo de la rehabilitaci\u00f3n y medicina f\u00edsica.\" \/>\n<meta name=\"robots\" content=\"index, follow, max-snippet:-1, max-image-preview:large, max-video-preview:-1\" \/>\n<link rel=\"canonical\" href=\"https:\/\/www.fisioibt.com\/es\/sobre-nosotros\/\" \/>\n<meta property=\"og:locale\" content=\"es_ES\" \/>\n<meta property=\"og:type\" content=\"article\" \/>\n<meta property=\"og:title\" content=\"Sobre nosotros - Fisio IBT\" \/>\n<meta property=\"og:description\" content=\"FISIO IBT esta dirigido por el dr. Ivan Batet con m\u00e1s de 20 a\u00f1os de experiencia en el campo de la rehabilitaci\u00f3n y medicina f\u00edsica.\" \/>\n<meta property=\"og:url\" content=\"https:\/\/www.fisioibt.com\/es\/sobre-nosotros\/\" \/>\n<meta property=\"og:site_name\" content=\"Fisio IBT\" \/>\n<meta property=\"article:modified_time\" content=\"2024-05-29T04:31:07+00:00\" \/>\n<meta property=\"og:image\" content=\"https:\/\/www.fisioibt.com\/wp-content\/uploads\/2025\/05\/fisio-IBT.jpg\" \/>\n\t<meta property=\"og:image:width\" content=\"300\" \/>\n\t<meta property=\"og:image:height\" content=\"300\" \/>\n\t<meta property=\"og:image:type\" content=\"image\/jpeg\" \/>\n<meta name=\"twitter:card\" content=\"summary_large_image\" \/>\n<meta name=\"twitter:label1\" content=\"Tiempo de lectura\" \/>\n\t<meta name=\"twitter:data1\" content=\"1 minuto\" \/>\n<script type=\"application\/ld+json\" class=\"yoast-schema-graph\">{\"@context\":\"https:\/\/schema.org\",\"@graph\":[{\"@type\":\"WebPage\",\"@id\":\"https:\/\/www.fisioibt.com\/es\/sobre-nosotros\/\",\"url\":\"https:\/\/www.fisioibt.com\/es\/sobre-nosotros\/\",\"name\":\"Sobre nosotros - Fisio IBT\",\"isPartOf\":{\"@id\":\"https:\/\/www.fisioibt.com\/es\/#website\"},\"datePublished\":\"2024-04-16T16:23:07+00:00\",\"dateModified\":\"2024-05-29T04:31:07+00:00\",\"description\":\"FISIO IBT esta dirigido por el dr. Ivan Batet con m\u00e1s de 20 a\u00f1os de experiencia en el campo de la rehabilitaci\u00f3n y medicina f\u00edsica.\",\"breadcrumb\":{\"@id\":\"https:\/\/www.fisioibt.com\/es\/sobre-nosotros\/#breadcrumb\"},\"inLanguage\":\"es\",\"potentialAction\":[{\"@type\":\"ReadAction\",\"target\":[\"https:\/\/www.fisioibt.com\/es\/sobre-nosotros\/\"]}]},{\"@type\":\"BreadcrumbList\",\"@id\":\"https:\/\/www.fisioibt.com\/es\/sobre-nosotros\/#breadcrumb\",\"itemListElement\":[{\"@type\":\"ListItem\",\"position\":1,\"name\":\"Inici\",\"item\":\"https:\/\/www.fisioibt.com\/es\/inicio\/\"},{\"@type\":\"ListItem\",\"position\":2,\"name\":\"Sobre nosotros\"}]},{\"@type\":\"WebSite\",\"@id\":\"https:\/\/www.fisioibt.com\/es\/#website\",\"url\":\"https:\/\/www.fisioibt.com\/es\/\",\"name\":\"Fisio IBT\",\"description\":\"Centre de fisioter\u00e0pia, rehabilitaci\u00f3 i acupuntura a Pineda de Mar\",\"potentialAction\":[{\"@type\":\"SearchAction\",\"target\":{\"@type\":\"EntryPoint\",\"urlTemplate\":\"https:\/\/www.fisioibt.com\/es\/?s={search_term_string}\"},\"query-input\":{\"@type\":\"PropertyValueSpecification\",\"valueRequired\":true,\"valueName\":\"search_term_string\"}}],\"inLanguage\":\"es\"}]}<\/script>\n<!-- \/ Yoast SEO plugin. -->","yoast_head_json":{"title":"Sobre nosotros - Fisio IBT","description":"FISIO IBT esta dirigido por el dr. Ivan Batet con m\u00e1s de 20 a\u00f1os de experiencia en el campo de la rehabilitaci\u00f3n y medicina f\u00edsica.","robots":{"index":"index","follow":"follow","max-snippet":"max-snippet:-1","max-image-preview":"max-image-preview:large","max-video-preview":"max-video-preview:-1"},"canonical":"https:\/\/www.fisioibt.com\/es\/sobre-nosotros\/","og_locale":"es_ES","og_type":"article","og_title":"Sobre nosotros - Fisio IBT","og_description":"FISIO IBT esta dirigido por el dr. Ivan Batet con m\u00e1s de 20 a\u00f1os de experiencia en el campo de la rehabilitaci\u00f3n y medicina f\u00edsica.","og_url":"https:\/\/www.fisioibt.com\/es\/sobre-nosotros\/","og_site_name":"Fisio IBT","article_modified_time":"2024-05-29T04:31:07+00:00","og_image":[{"width":300,"height":300,"url":"https:\/\/www.fisioibt.com\/wp-content\/uploads\/2025\/05\/fisio-IBT.jpg","type":"image\/jpeg"}],"twitter_card":"summary_large_image","twitter_misc":{"Tiempo de lectura":"1 minuto"},"schema":{"@context":"https:\/\/schema.org","@graph":[{"@type":"WebPage","@id":"https:\/\/www.fisioibt.com\/es\/sobre-nosotros\/","url":"https:\/\/www.fisioibt.com\/es\/sobre-nosotros\/","name":"Sobre nosotros - Fisio IBT","isPartOf":{"@id":"https:\/\/www.fisioibt.com\/es\/#website"},"datePublished":"2024-04-16T16:23:07+00:00","dateModified":"2024-05-29T04:31:07+00:00","description":"FISIO IBT esta dirigido por el dr. Ivan Batet con m\u00e1s de 20 a\u00f1os de experiencia en el campo de la rehabilitaci\u00f3n y medicina f\u00edsica.","breadcrumb":{"@id":"https:\/\/www.fisioibt.com\/es\/sobre-nosotros\/#breadcrumb"},"inLanguage":"es","potentialAction":[{"@type":"ReadAction","target":["https:\/\/www.fisioibt.com\/es\/sobre-nosotros\/"]}]},{"@type":"BreadcrumbList","@id":"https:\/\/www.fisioibt.com\/es\/sobre-nosotros\/#breadcrumb","itemListElement":[{"@type":"ListItem","position":1,"name":"Inici","item":"https:\/\/www.fisioibt.com\/es\/inicio\/"},{"@type":"ListItem","position":2,"name":"Sobre nosotros"}]},{"@type":"WebSite","@id":"https:\/\/www.fisioibt.com\/es\/#website","url":"https:\/\/www.fisioibt.com\/es\/","name":"Fisio IBT","description":"Centre de fisioter\u00e0pia, rehabilitaci\u00f3 i acupuntura a Pineda de Mar","potentialAction":[{"@type":"SearchAction","target":{"@type":"EntryPoint","urlTemplate":"https:\/\/www.fisioibt.com\/es\/?s={search_term_string}"},"query-input":{"@type":"PropertyValueSpecification","valueRequired":true,"valueName":"search_term_string"}}],"inLanguage":"es"}]}},"_links":{"self":[{"href":"https:\/\/www.fisioibt.com\/es\/wp-json\/wp\/v2\/pages\/445","targetHints":{"allow":["GET"]}}],"collection":[{"href":"https:\/\/www.fisioibt.com\/es\/wp-json\/wp\/v2\/pages"}],"about":[{"href":"https:\/\/www.fisioibt.com\/es\/wp-json\/wp\/v2\/types\/page"}],"author":[{"embeddable":true,"href":"https:\/\/www.fisioibt.com\/es\/wp-json\/wp\/v2\/users\/1"}],"replies":[{"embeddable":true,"href":"https:\/\/www.fisioibt.com\/es\/wp-json\/wp\/v2\/comments?post=445"}],"version-history":[{"count":1,"href":"https:\/\/www.fisioibt.com\/es\/wp-json\/wp\/v2\/pages\/445\/revisions"}],"predecessor-version":[{"id":446,"href":"https:\/\/www.fisioibt.com\/es\/wp-json\/wp\/v2\/pages\/445\/revisions\/446"}],"wp:attachment":[{"href":"https:\/\/www.fisioibt.com\/es\/wp-json\/wp\/v2\/media?parent=445"}],"curies":[{"name":"wp","href":"https:\/\/api.w.org\/{rel}","templated":true}]}}