{"id":449,"date":"2024-04-16T18:26:36","date_gmt":"2024-04-16T16:26:36","guid":{"rendered":"https:\/\/www.fisioibt.com\/acupuntura\/"},"modified":"2024-05-29T17:04:56","modified_gmt":"2024-05-29T15:04:56","slug":"acupuntura","status":"publish","type":"page","link":"https:\/\/www.fisioibt.com\/es\/acupuntura\/","title":{"rendered":"Acupuntura"},"content":{"rendered":"\t\t<div data-elementor-type=\"wp-page\" data-elementor-id=\"449\" class=\"elementor elementor-449 elementor-17\" data-elementor-post-type=\"page\">\n\t\t\t\t<div class=\"elementor-element elementor-element-29c04b5f e-flex e-con-boxed e-con e-parent\" data-id=\"29c04b5f\" data-element_type=\"container\" data-settings=\"{&quot;background_background&quot;:&quot;classic&quot;}\">\n\t\t\t\t\t<div class=\"e-con-inner\">\n\t\t<div class=\"elementor-element elementor-element-3d63ed4a e-con-full e-flex e-con e-child\" data-id=\"3d63ed4a\" data-element_type=\"container\">\n\t\t\t\t<div class=\"elementor-element elementor-element-63d9592e elementor-widget elementor-widget-heading\" data-id=\"63d9592e\" data-element_type=\"widget\" data-widget_type=\"heading.default\">\n\t\t\t\t<div class=\"elementor-widget-container\">\n\t\t\t\t\t<h1 class=\"elementor-heading-title elementor-size-default\">Acupuntura<\/h1>\t\t\t\t<\/div>\n\t\t\t\t<\/div>\n\t\t\t\t<\/div>\n\t\t<div class=\"elementor-element elementor-element-3ba6b4b0 e-con-full e-flex e-con e-child\" data-id=\"3ba6b4b0\" data-element_type=\"container\">\n\t\t\t\t<\/div>\n\t\t\t\t\t<\/div>\n\t\t\t\t<\/div>\n\t\t<div class=\"elementor-element elementor-element-4ce292a9 e-flex e-con-boxed e-con e-parent\" data-id=\"4ce292a9\" data-element_type=\"container\">\n\t\t\t\t\t<div class=\"e-con-inner\">\n\t\t<div class=\"elementor-element elementor-element-178c9641 e-con-full e-flex e-con e-child\" data-id=\"178c9641\" data-element_type=\"container\">\n\t\t\t\t<div class=\"elementor-element elementor-element-219e50cc elementor-widget-divider--view-line elementor-widget elementor-widget-divider\" data-id=\"219e50cc\" data-element_type=\"widget\" data-widget_type=\"divider.default\">\n\t\t\t\t<div class=\"elementor-widget-container\">\n\t\t\t\t\t\t\t<div class=\"elementor-divider\">\n\t\t\t<span class=\"elementor-divider-separator\">\n\t\t\t\t\t\t<\/span>\n\t\t<\/div>\n\t\t\t\t\t\t<\/div>\n\t\t\t\t<\/div>\n\t\t\t\t<div class=\"elementor-element elementor-element-5d4acfbb elementor-widget elementor-widget-heading\" data-id=\"5d4acfbb\" data-element_type=\"widget\" data-widget_type=\"heading.default\">\n\t\t\t\t<div class=\"elementor-widget-container\">\n\t\t\t\t\t<h2 class=\"elementor-heading-title elementor-size-default\">Acupuntura a Pineda de Mar\n<\/h2>\t\t\t\t<\/div>\n\t\t\t\t<\/div>\n\t\t\t\t<\/div>\n\t\t<div class=\"elementor-element elementor-element-5af65aa1 e-con-full e-flex e-con e-child\" data-id=\"5af65aa1\" data-element_type=\"container\">\n\t\t\t\t<div class=\"elementor-element elementor-element-57fcaedc elementor-widget elementor-widget-text-editor\" data-id=\"57fcaedc\" data-element_type=\"widget\" data-widget_type=\"text-editor.default\">\n\t\t\t\t<div class=\"elementor-widget-container\">\n\t\t\t\t\t\t\t\t\t<p>La acupuntura es una disciplina de la medicina tradicional china que mediante agujas met\u00e1licas, finas y de diferentes di\u00e1metros insertadas y manipuladas en puntos espec\u00edficos del cuerpo, por donde circulan unos canales energ\u00e9ticos llamados meridianos que si son estimulados desencadenan una serie de respuestas del sistema nervioso y energ\u00e9tico que permiten el reequilibrio de esta energ\u00eda y, por tanto, el buen funcionamiento del organismo y el bienestar del paciente.<\/p>\n<p>Utilizamos agujas est\u00e9riles, desechables, que cumplen las normativas de la Comisi\u00f3n Europea, para evitar as\u00ed cualquier riesgo de contagio. No se inyecta ninguna sustancia a trav\u00e9s de ellas.<\/p>\n\t\t\t\t\t\t\t\t<\/div>\n\t\t\t\t<\/div>\n\t\t\t\t<div class=\"elementor-element elementor-element-5a4309d elementor-widget elementor-widget-image\" data-id=\"5a4309d\" data-element_type=\"widget\" data-widget_type=\"image.default\">\n\t\t\t\t<div class=\"elementor-widget-container\">\n\t\t\t\t\t\t\t\t\t\t\t\t\t\t\t<img fetchpriority=\"high\" decoding=\"async\" width=\"243\" height=\"300\" src=\"https:\/\/www.fisioibt.com\/wp-content\/uploads\/2024\/05\/acupuntura-243x300.jpg\" class=\"attachment-medium size-medium wp-image-493\" alt=\"\" srcset=\"https:\/\/www.fisioibt.com\/wp-content\/uploads\/2024\/05\/acupuntura-243x300.jpg 243w, https:\/\/www.fisioibt.com\/wp-content\/uploads\/2024\/05\/acupuntura.jpg 340w\" sizes=\"(max-width: 243px) 100vw, 243px\" \/>\t\t\t\t\t\t\t\t\t\t\t\t\t\t\t<\/div>\n\t\t\t\t<\/div>\n\t\t\t\t<\/div>\n\t\t\t\t\t<\/div>\n\t\t\t\t<\/div>\n\t\t<div class=\"elementor-element elementor-element-74b5c9c e-flex e-con-boxed elementor-invisible e-con e-parent\" data-id=\"74b5c9c\" data-element_type=\"container\" data-settings=\"{&quot;animation&quot;:&quot;fadeInUp&quot;}\">\n\t\t\t\t\t<div class=\"e-con-inner\">\n\t\t<div class=\"elementor-element elementor-element-5410ff1 e-con-full e-flex e-con e-child\" data-id=\"5410ff1\" data-element_type=\"container\">\n\t\t\t\t<div class=\"elementor-element elementor-element-00b9f1b elementor-widget elementor-widget-image\" data-id=\"00b9f1b\" data-element_type=\"widget\" data-widget_type=\"image.default\">\n\t\t\t\t<div class=\"elementor-widget-container\">\n\t\t\t\t\t\t\t\t\t\t\t\t\t\t\t<img decoding=\"async\" src=\"https:\/\/www.fisioibt.com\/wp-content\/uploads\/elementor\/thumbs\/shutterstock_744541216-qorin0d3ehio5gvlc44cqt1adlpxk3uc4e0c2mahls.jpg\" title=\"Female,Acupuncture,Model,With,Needles,In,The,Shoulder\" alt=\"female acupuncture model with needles in the shoulder\" loading=\"lazy\" \/>\t\t\t\t\t\t\t\t\t\t\t\t\t\t\t<\/div>\n\t\t\t\t<\/div>\n\t\t\t\t<\/div>\n\t\t<div class=\"elementor-element elementor-element-20430a8 e-con-full e-flex e-con e-child\" data-id=\"20430a8\" data-element_type=\"container\">\n\t\t\t\t<div class=\"elementor-element elementor-element-0223ee5 elementor-widget elementor-widget-image\" data-id=\"0223ee5\" data-element_type=\"widget\" data-widget_type=\"image.default\">\n\t\t\t\t<div class=\"elementor-widget-container\">\n\t\t\t\t\t\t\t\t\t\t\t\t\t\t\t<img decoding=\"async\" src=\"https:\/\/www.fisioibt.com\/wp-content\/uploads\/elementor\/thumbs\/shutterstock_765598180-qorin0d3ehio5gvlc44cqt1adlpxk3uc4e0c2mahls.jpg\" title=\"The,Doctor,Sticks,Needles,Into,The,Girl&#8217;s,Body,On,The\" alt=\"The doctor sticks needles into the girl&#039;s body on the acupuncture - close up\" loading=\"lazy\" \/>\t\t\t\t\t\t\t\t\t\t\t\t\t\t\t<\/div>\n\t\t\t\t<\/div>\n\t\t\t\t<\/div>\n\t\t\t\t\t<\/div>\n\t\t\t\t<\/div>\n\t\t<div class=\"elementor-element elementor-element-4743995e e-flex e-con-boxed elementor-invisible e-con e-parent\" data-id=\"4743995e\" data-element_type=\"container\" data-settings=\"{&quot;animation&quot;:&quot;fadeInUp&quot;}\">\n\t\t\t\t\t<div class=\"e-con-inner\">\n\t\t<div class=\"elementor-element elementor-element-6a051b9d e-con-full e-flex e-con e-child\" data-id=\"6a051b9d\" data-element_type=\"container\">\n\t\t\t\t<div class=\"elementor-element elementor-element-1cfa4c6a elementor-widget elementor-widget-heading\" data-id=\"1cfa4c6a\" data-element_type=\"widget\" data-widget_type=\"heading.default\">\n\t\t\t\t<div class=\"elementor-widget-container\">\n\t\t\t\t\t<h3 class=\"elementor-heading-title elementor-size-default\">Acupuntura est\u00e9tica<\/h3>\t\t\t\t<\/div>\n\t\t\t\t<\/div>\n\t\t\t\t<div class=\"elementor-element elementor-element-43df7ab3 elementor-widget elementor-widget-text-editor\" data-id=\"43df7ab3\" data-element_type=\"widget\" data-widget_type=\"text-editor.default\">\n\t\t\t\t<div class=\"elementor-widget-container\">\n\t\t\t\t\t\t\t\t\t<div class=\"flex flex-grow flex-col max-w-full\">\n<div class=\"min-h-[20px] text-message flex flex-col items-start gap-3 whitespace-pre-wrap break-words [.text-message+&amp;]:mt-5 overflow-x-auto\" dir=\"auto\" data-message-author-role=\"assistant\" data-message-id=\"967a9b7b-6ad3-4427-99df-867fb8161248\">\n<div class=\"markdown prose w-full break-words dark:prose-invert dark\">\n<p>La acupuntura est\u00e9tica ejemplifica la utilizaci\u00f3n moderna de este remedio tradicional. Tratando los puntos de acupuntura facial, ya sea para acn\u00e9 o alteraciones visuales, no s\u00f3lo mejora los trastornos, sino que tambi\u00e9n produce efectos notables en el aspecto facial globalmente.<\/p>\n<\/div>\n<\/div>\n<\/div>\n\t\t\t\t\t\t\t\t<\/div>\n\t\t\t\t<\/div>\n\t\t\t\t<\/div>\n\t\t<div class=\"elementor-element elementor-element-6cd97442 e-con-full e-flex e-con e-child\" data-id=\"6cd97442\" data-element_type=\"container\">\n\t\t\t\t<div class=\"elementor-element elementor-element-6414cd91 elementor-widget elementor-widget-heading\" data-id=\"6414cd91\" data-element_type=\"widget\" data-widget_type=\"heading.default\">\n\t\t\t\t<div class=\"elementor-widget-container\">\n\t\t\t\t\t<h3 class=\"elementor-heading-title elementor-size-default\">Tratamiento de lesiones<\/h3>\t\t\t\t<\/div>\n\t\t\t\t<\/div>\n\t\t\t\t<div class=\"elementor-element elementor-element-4828842c elementor-widget elementor-widget-text-editor\" data-id=\"4828842c\" data-element_type=\"widget\" data-widget_type=\"text-editor.default\">\n\t\t\t\t<div class=\"elementor-widget-container\">\n\t\t\t\t\t\t\t\t\t<p>La acupuntura ofrece un tratamiento efectivo para lesiones deportivas que involucran dolor e inflamaci\u00f3n, incluyendo lesiones musculares, tendinosas y articulares. Su aplicaci\u00f3n dirigida proporciona alivio y promueve la recuperaci\u00f3n, beneficiando tanto a atletas como a personas activas.<\/p>\n\t\t\t\t\t\t\t\t<\/div>\n\t\t\t\t<\/div>\n\t\t\t\t<\/div>\n\t\t<div class=\"elementor-element elementor-element-1ee585a e-con-full e-flex e-con e-child\" data-id=\"1ee585a\" data-element_type=\"container\">\n\t\t\t\t<div class=\"elementor-element elementor-element-5daa0d9f elementor-widget elementor-widget-heading\" data-id=\"5daa0d9f\" data-element_type=\"widget\" data-widget_type=\"heading.default\">\n\t\t\t\t<div class=\"elementor-widget-container\">\n\t\t\t\t\t<h3 class=\"elementor-heading-title elementor-size-default\">Tratamiento del dolor<\/h3>\t\t\t\t<\/div>\n\t\t\t\t<\/div>\n\t\t\t\t<div class=\"elementor-element elementor-element-11f80258 elementor-widget elementor-widget-text-editor\" data-id=\"11f80258\" data-element_type=\"widget\" data-widget_type=\"text-editor.default\">\n\t\t\t\t<div class=\"elementor-widget-container\">\n\t\t\t\t\t\t\t\t\t<p>La acupuntura, demostrada efectiva para aliviar el dolor, se integra cada vez m\u00e1s en unidades de dolor. Realizada por profesionales m\u00e9dicos, es segura y poco agresiva. Sus efectos neuroendocrinos y en el sistema inmunitario promueven el bienestar y la salud global, siendo especialmente relevante en estas circunstancias.<\/p>\n\t\t\t\t\t\t\t\t<\/div>\n\t\t\t\t<\/div>\n\t\t\t\t<\/div>\n\t\t\t\t\t<\/div>\n\t\t\t\t<\/div>\n\t\t\t\t<\/div>\n\t\t","protected":false},"excerpt":{"rendered":"<p>Acupuntura a Pineda de Mar La acupuntura es una disciplina de la medicina tradicional china que mediante agujas met\u00e1licas, finas y de diferentes di\u00e1metros insertadas y manipuladas en puntos espec\u00edficos del cuerpo, por donde circulan unos canales energ\u00e9ticos llamados meridianos que si son estimulados desencadenan una serie de respuestas del sistema nervioso y energ\u00e9tico que [&hellip;]<\/p>\n","protected":false},"author":1,"featured_media":0,"parent":0,"menu_order":0,"comment_status":"closed","ping_status":"closed","template":"elementor_header_footer","meta":{"_acf_changed":false,"footnotes":""},"class_list":["post-449","page","type-page","status-publish","hentry"],"acf":[],"yoast_head":"<!-- This site is optimized with the Yoast SEO plugin v26.8 - https:\/\/yoast.com\/product\/yoast-seo-wordpress\/ -->\n<title>Acupuntura - Fisio IBT<\/title>\n<meta name=\"description\" content=\"Acupuntura a Pineda de Mar La acupuntura es una disciplina de la medicina tradicional china que mediante agujas met\u00e1licas, finas y de diferentes di\u00e1metros\" \/>\n<meta name=\"robots\" content=\"index, follow, max-snippet:-1, max-image-preview:large, max-video-preview:-1\" \/>\n<link rel=\"canonical\" href=\"https:\/\/www.fisioibt.com\/es\/acupuntura\/\" \/>\n<meta property=\"og:locale\" content=\"es_ES\" \/>\n<meta property=\"og:type\" content=\"article\" \/>\n<meta property=\"og:title\" content=\"Acupuntura - Fisio IBT\" \/>\n<meta property=\"og:description\" content=\"Acupuntura a Pineda de Mar La acupuntura es una disciplina de la medicina tradicional china que mediante agujas met\u00e1licas, finas y de diferentes di\u00e1metros\" \/>\n<meta property=\"og:url\" content=\"https:\/\/www.fisioibt.com\/es\/acupuntura\/\" \/>\n<meta property=\"og:site_name\" content=\"Fisio IBT\" \/>\n<meta property=\"article:modified_time\" content=\"2024-05-29T15:04:56+00:00\" \/>\n<meta property=\"og:image\" content=\"https:\/\/www.fisioibt.com\/wp-content\/uploads\/2024\/05\/acupuntura-243x300.jpg\" \/>\n<meta name=\"twitter:card\" content=\"summary_large_image\" \/>\n<meta name=\"twitter:label1\" content=\"Tiempo de lectura\" \/>\n\t<meta name=\"twitter:data1\" content=\"1 minuto\" \/>\n<script type=\"application\/ld+json\" class=\"yoast-schema-graph\">{\"@context\":\"https:\/\/schema.org\",\"@graph\":[{\"@type\":\"WebPage\",\"@id\":\"https:\/\/www.fisioibt.com\/es\/acupuntura\/\",\"url\":\"https:\/\/www.fisioibt.com\/es\/acupuntura\/\",\"name\":\"Acupuntura - Fisio IBT\",\"isPartOf\":{\"@id\":\"https:\/\/www.fisioibt.com\/es\/#website\"},\"primaryImageOfPage\":{\"@id\":\"https:\/\/www.fisioibt.com\/es\/acupuntura\/#primaryimage\"},\"image\":{\"@id\":\"https:\/\/www.fisioibt.com\/es\/acupuntura\/#primaryimage\"},\"thumbnailUrl\":\"https:\/\/www.fisioibt.com\/wp-content\/uploads\/2024\/05\/acupuntura-243x300.jpg\",\"datePublished\":\"2024-04-16T16:26:36+00:00\",\"dateModified\":\"2024-05-29T15:04:56+00:00\",\"description\":\"Acupuntura a Pineda de Mar La acupuntura es una disciplina de la medicina tradicional china que mediante agujas met\u00e1licas, finas y de diferentes di\u00e1metros\",\"breadcrumb\":{\"@id\":\"https:\/\/www.fisioibt.com\/es\/acupuntura\/#breadcrumb\"},\"inLanguage\":\"es\",\"potentialAction\":[{\"@type\":\"ReadAction\",\"target\":[\"https:\/\/www.fisioibt.com\/es\/acupuntura\/\"]}]},{\"@type\":\"ImageObject\",\"inLanguage\":\"es\",\"@id\":\"https:\/\/www.fisioibt.com\/es\/acupuntura\/#primaryimage\",\"url\":\"https:\/\/www.fisioibt.com\/wp-content\/uploads\/2024\/05\/acupuntura-243x300.jpg\",\"contentUrl\":\"https:\/\/www.fisioibt.com\/wp-content\/uploads\/2024\/05\/acupuntura-243x300.jpg\"},{\"@type\":\"BreadcrumbList\",\"@id\":\"https:\/\/www.fisioibt.com\/es\/acupuntura\/#breadcrumb\",\"itemListElement\":[{\"@type\":\"ListItem\",\"position\":1,\"name\":\"Inici\",\"item\":\"https:\/\/www.fisioibt.com\/es\/inicio\/\"},{\"@type\":\"ListItem\",\"position\":2,\"name\":\"Acupuntura\"}]},{\"@type\":\"WebSite\",\"@id\":\"https:\/\/www.fisioibt.com\/es\/#website\",\"url\":\"https:\/\/www.fisioibt.com\/es\/\",\"name\":\"Fisio IBT\",\"description\":\"Centre de fisioter\u00e0pia, rehabilitaci\u00f3 i acupuntura a Pineda de Mar\",\"potentialAction\":[{\"@type\":\"SearchAction\",\"target\":{\"@type\":\"EntryPoint\",\"urlTemplate\":\"https:\/\/www.fisioibt.com\/es\/?s={search_term_string}\"},\"query-input\":{\"@type\":\"PropertyValueSpecification\",\"valueRequired\":true,\"valueName\":\"search_term_string\"}}],\"inLanguage\":\"es\"}]}<\/script>\n<!-- \/ Yoast SEO plugin. -->","yoast_head_json":{"title":"Acupuntura - Fisio IBT","description":"Acupuntura a Pineda de Mar La acupuntura es una disciplina de la medicina tradicional china que mediante agujas met\u00e1licas, finas y de diferentes di\u00e1metros","robots":{"index":"index","follow":"follow","max-snippet":"max-snippet:-1","max-image-preview":"max-image-preview:large","max-video-preview":"max-video-preview:-1"},"canonical":"https:\/\/www.fisioibt.com\/es\/acupuntura\/","og_locale":"es_ES","og_type":"article","og_title":"Acupuntura - Fisio IBT","og_description":"Acupuntura a Pineda de Mar La acupuntura es una disciplina de la medicina tradicional china que mediante agujas met\u00e1licas, finas y de diferentes di\u00e1metros","og_url":"https:\/\/www.fisioibt.com\/es\/acupuntura\/","og_site_name":"Fisio IBT","article_modified_time":"2024-05-29T15:04:56+00:00","og_image":[{"url":"https:\/\/www.fisioibt.com\/wp-content\/uploads\/2024\/05\/acupuntura-243x300.jpg","type":"","width":"","height":""}],"twitter_card":"summary_large_image","twitter_misc":{"Tiempo de lectura":"1 minuto"},"schema":{"@context":"https:\/\/schema.org","@graph":[{"@type":"WebPage","@id":"https:\/\/www.fisioibt.com\/es\/acupuntura\/","url":"https:\/\/www.fisioibt.com\/es\/acupuntura\/","name":"Acupuntura - Fisio IBT","isPartOf":{"@id":"https:\/\/www.fisioibt.com\/es\/#website"},"primaryImageOfPage":{"@id":"https:\/\/www.fisioibt.com\/es\/acupuntura\/#primaryimage"},"image":{"@id":"https:\/\/www.fisioibt.com\/es\/acupuntura\/#primaryimage"},"thumbnailUrl":"https:\/\/www.fisioibt.com\/wp-content\/uploads\/2024\/05\/acupuntura-243x300.jpg","datePublished":"2024-04-16T16:26:36+00:00","dateModified":"2024-05-29T15:04:56+00:00","description":"Acupuntura a Pineda de Mar La acupuntura es una disciplina de la medicina tradicional china que mediante agujas met\u00e1licas, finas y de diferentes di\u00e1metros","breadcrumb":{"@id":"https:\/\/www.fisioibt.com\/es\/acupuntura\/#breadcrumb"},"inLanguage":"es","potentialAction":[{"@type":"ReadAction","target":["https:\/\/www.fisioibt.com\/es\/acupuntura\/"]}]},{"@type":"ImageObject","inLanguage":"es","@id":"https:\/\/www.fisioibt.com\/es\/acupuntura\/#primaryimage","url":"https:\/\/www.fisioibt.com\/wp-content\/uploads\/2024\/05\/acupuntura-243x300.jpg","contentUrl":"https:\/\/www.fisioibt.com\/wp-content\/uploads\/2024\/05\/acupuntura-243x300.jpg"},{"@type":"BreadcrumbList","@id":"https:\/\/www.fisioibt.com\/es\/acupuntura\/#breadcrumb","itemListElement":[{"@type":"ListItem","position":1,"name":"Inici","item":"https:\/\/www.fisioibt.com\/es\/inicio\/"},{"@type":"ListItem","position":2,"name":"Acupuntura"}]},{"@type":"WebSite","@id":"https:\/\/www.fisioibt.com\/es\/#website","url":"https:\/\/www.fisioibt.com\/es\/","name":"Fisio IBT","description":"Centre de fisioter\u00e0pia, rehabilitaci\u00f3 i acupuntura a Pineda de Mar","potentialAction":[{"@type":"SearchAction","target":{"@type":"EntryPoint","urlTemplate":"https:\/\/www.fisioibt.com\/es\/?s={search_term_string}"},"query-input":{"@type":"PropertyValueSpecification","valueRequired":true,"valueName":"search_term_string"}}],"inLanguage":"es"}]}},"_links":{"self":[{"href":"https:\/\/www.fisioibt.com\/es\/wp-json\/wp\/v2\/pages\/449","targetHints":{"allow":["GET"]}}],"collection":[{"href":"https:\/\/www.fisioibt.com\/es\/wp-json\/wp\/v2\/pages"}],"about":[{"href":"https:\/\/www.fisioibt.com\/es\/wp-json\/wp\/v2\/types\/page"}],"author":[{"embeddable":true,"href":"https:\/\/www.fisioibt.com\/es\/wp-json\/wp\/v2\/users\/1"}],"replies":[{"embeddable":true,"href":"https:\/\/www.fisioibt.com\/es\/wp-json\/wp\/v2\/comments?post=449"}],"version-history":[{"count":5,"href":"https:\/\/www.fisioibt.com\/es\/wp-json\/wp\/v2\/pages\/449\/revisions"}],"predecessor-version":[{"id":508,"href":"https:\/\/www.fisioibt.com\/es\/wp-json\/wp\/v2\/pages\/449\/revisions\/508"}],"wp:attachment":[{"href":"https:\/\/www.fisioibt.com\/es\/wp-json\/wp\/v2\/media?parent=449"}],"curies":[{"name":"wp","href":"https:\/\/api.w.org\/{rel}","templated":true}]}}